{"id":987,"date":"2023-03-02T12:33:08","date_gmt":"2023-03-02T12:33:08","guid":{"rendered":"https:\/\/cosmoreiki.fr\/?page_id=987"},"modified":"2023-03-07T00:57:20","modified_gmt":"2023-03-07T00:57:20","slug":"cosmo-reiki","status":"publish","type":"page","link":"https:\/\/cosmoreiki.fr\/?page_id=987","title":{"rendered":"Cosmo Reiki"},"content":{"rendered":"\n<div class=\"wp-block-uagb-container uagb-block-ff4ae2a0 alignfull uagb-is-root-container\"><div class=\"uagb-container-inner-blocks-wrap\">\n<div class=\"wp-block-uagb-advanced-heading uagb-block-3c52ffa7\"><h1 class=\"uagb-heading-text\"><br>A propos de Cosmo Reiki<\/h1><\/div>\n<\/div><\/div>\n\n\n\n<p><br><\/p>\n\n\n\n<div class=\"wp-block-uagb-image alignright uagb-block-79a62346 wp-block-uagb-image--layout-default wp-block-uagb-image--effect-static wp-block-uagb-image--align-right\"><figure class=\"wp-block-uagb-image__figure\"><img decoding=\"async\" srcset=\"https:\/\/cosmoreiki.fr\/wp-content\/uploads\/2023\/03\/Page3-prencipalharli-marten-n7a2OJDSZns-unsplash_s-300x197.jpg \" src=\"https:\/\/cosmoreiki.fr\/wp-content\/uploads\/2023\/03\/Page3-prencipalharli-marten-n7a2OJDSZns-unsplash_s-300x197.jpg\" alt=\"\" class=\"uag-image-877\" width=\"452\" height=\"197\" title=\"\" loading=\"lazy\"\/><\/figure><\/div>\n\n\n\n<p class=\"has-text-align-left has-medium-font-size\" style=\"margin-top:0;margin-right:0;margin-bottom:0;margin-left:0\">Cosmo Reiki est n\u00e9 en 2023, bas\u00e9 sur la tradition japonaise du Jikiden &nbsp;Reiki. Les origines du Jikiden Reiki remontent \u00e0 l&rsquo;officier chirurgien de la marine Chujiro Hayashi, l&rsquo;un des 20 instructeurs form\u00e9s par le fondateur du Reiki, Mikao Usui. <br>J&rsquo;ai appris directement de Tadao Yamaguchi, le fils de feu Chiyoko Yamaguchi, la fondatrice de Jikiden Reiki. Cependant, le Jikiden Reiki a \u00e9t\u00e9 cr\u00e9\u00e9 en 1999. En effet, m\u00eame si Chiyoko Yamaguchi utilisait le Reiki quotidiennement depuis 65 ans apr\u00e8s avoir appris de Hayashi, elle n&rsquo;en servait pas en public. Suite au d\u00e9sir des enseignants occidentaux de Reiki \u00e0 l&rsquo;\u00e9tranger d&rsquo;en savoir plus sur le Reiki original japonais, l&rsquo;existence de  Chiyoko Yamaguchi est devenue connue et le Jikiden Reiki a \u00e9t\u00e9 fond\u00e9.<\/p>\n\n\n\n<p class=\"has-text-align-left\" style=\"margin-top:0;margin-right:0;margin-bottom:0;margin-left:0\"><br><\/p>\n\n\n\n<p class=\"has-medium-font-size\">En 2022, j&rsquo;ai \u00e9tudi\u00e9 directement avec Tadao Yamaguchi, qui \u00e9tait tr\u00e8s ouvert d&rsquo;esprit. Il a dit qu&rsquo;il est bon de comprendre et de pratiquer correctement le Reiki, mais qu&rsquo;il n&rsquo;est pas n\u00e9cessaire d&rsquo;insister pour \u00eatre gu\u00e9ri. J&rsquo;ai juste appris \u00e0 me d\u00e9tendre et \u00e0 poser ma main sur la zone touch\u00e9e sans y penser. Depuis, je pratique et je m&rsquo;entra\u00eene tous les jours pour pouvoir sentir les parties douloureuses du corps avec mes mains.<br><br><\/p>\n\n\n\n<p class=\"has-medium-font-size\">\u00c0 travers le Reiki, nous souhaitons cr\u00e9er un espace ludique qui offre \u00e0 chacun de nouvelles perspectives sur la culture japonaise, l&rsquo;essence des choses et la spiritualit\u00e9. En ce qui concerne le Reiki, les gens peuvent s&rsquo;en m\u00e9fier parce qu&rsquo;ils ne le connaissent pas, mais je veux partager \u00e0 ce sujet ma voix et la voix de chacun ici en toute transparence.<\/p>\n\n\n\n<p><\/p>\n\n\n\n<p><br><br><br><br><\/p>\n\n\n\n<div class=\"wp-block-uagb-image alignleft uagb-block-cc6d9c9d wp-block-uagb-image--layout-default wp-block-uagb-image--effect-static wp-block-uagb-image--align-left\"><figure class=\"wp-block-uagb-image__figure\"><img decoding=\"async\" srcset=\"https:\/\/cosmoreiki.fr\/wp-content\/uploads\/2023\/03\/Page3--300x300.jpg \" src=\"https:\/\/cosmoreiki.fr\/wp-content\/uploads\/2023\/03\/Page3--300x300.jpg\" alt=\"\" class=\"uag-image-875\" width=\"299\" height=\"299\" title=\"\" loading=\"lazy\"\/><\/figure><\/div>\n\n\n\n<p><strong>APPELLATION<\/strong><br><br>Nous avons choisi le nom Cosmo Reiki pour exprimer simplement le fait que le Reiki consister \u00e0 capter l&rsquo;\u00e9nergie naturelle de l&rsquo;univers et la faire circuler dans le corps humain. Est-il exag\u00e9r\u00e9 de parler d\u2019\u00e9nergie universelle ? J\u2019esp\u00e8re que les domaines de la gu\u00e9rison et de la spiritualit\u00e9 tels que le Reiki pourront bient\u00f4t \u00eatre scientifiquement \u00e9lucid\u00e9s.<br><br><\/p>\n\n\n\n<p class=\"has-medium-font-size\"><br><br><br><br><br><br><br><br><\/p>\n\n\n\n<div class=\"wp-block-uagb-image alignleft uagb-block-92c58158 wp-block-uagb-image--layout-default wp-block-uagb-image--effect-static wp-block-uagb-image--align-left\"><figure class=\"wp-block-uagb-image__figure\"><img decoding=\"async\" srcset=\"https:\/\/cosmoreiki.fr\/wp-content\/uploads\/2023\/03\/Page3-krystal-ng-PrQqQVPzmlw-unsplash_s-150x150.jpg \" src=\"https:\/\/cosmoreiki.fr\/wp-content\/uploads\/2023\/03\/Page3-krystal-ng-PrQqQVPzmlw-unsplash_s-150x150.jpg\" alt=\"\" class=\"uag-image-876\" width=\"314\" height=\"148\" title=\"\" loading=\"lazy\"\/><\/figure><\/div>\n\n\n\n<p><strong>PROFIL<\/strong><br><br>Le site\/salon est tenu par une japonaise qui a pris conscience de la spiritualit\u00e9 du Japon, son pays d&rsquo;origine, en \u00e9tudiant en profondeur la philosophie occidentale en France. Elle est actuellement mari\u00e9e \u00e0 un Fran\u00e7ais et m\u00e8re d&rsquo;un enfant, vivant en banlieue parisienne. Au Japon, elle s&rsquo;est int\u00e9ress\u00e9e aux mots et a \u00e9t\u00e9 active dans les domaines de la communication tels que la r\u00e9daction et le marketing. Nous avons fond\u00e9 Cosmo Reiki par pur d\u00e9sir de transmettre de bonnes choses. Actuellement, nous ne faisons aucun traitement, mais nous esp\u00e9rons commencer petit \u00e0 petit par des campagnes d&rsquo;essais gratuits \u00e0 distance.<\/p>\n\n\n\n<div class=\"wp-block-uagb-container uagb-block-748c9835 alignfull uagb-is-root-container\"><div class=\"uagb-container-inner-blocks-wrap\">\n<div class=\"wp-block-uagb-call-to-action uagb-block-3a8cc94a wp-block-button\"><div class=\"uagb-cta__wrap\"><h2 class=\"uagb-cta__title\">Contactez nous<\/h2><p class=\"uagb-cta__desc\">En cours de pr\u00e9paration<\/p><\/div><div class=\"uagb-cta__buttons\"><a href=\"https:\/\/cosmoreiki.fr\/?page_id=100\" class=\"uagb-cta__button-link-wrapper wp-block-button__link\" target=\"_self\" rel=\"noopener noreferrer\">Cliquez ici<\/a><\/div><\/div>\n<\/div><\/div>\n","protected":false},"excerpt":{"rendered":"<p>Cosmo Reiki est n\u00e9 en 2023, bas\u00e9 sur la tradition japonaise du Jikiden &nbsp;Reiki. Les origines du Jikiden Reiki remontent \u00e0 l&rsquo;officier chirurgien de la marine Chujiro Hayashi, l&rsquo;un des 20 instructeurs form\u00e9s par le fondateur du Reiki, Mikao Usui. J&rsquo;ai appris directement de Tadao Yamaguchi, le fils de feu Chiyoko Yamaguchi, la fondatrice de &hellip;<\/p>\n<p class=\"read-more\"> <a class=\"\" href=\"https:\/\/cosmoreiki.fr\/?page_id=987\"> <span class=\"screen-reader-text\">Cosmo Reiki<\/span> Lire la suite\u00a0\u00bb<\/a><\/p>\n","protected":false},"author":1,"featured_media":0,"parent":0,"menu_order":0,"comment_status":"closed","ping_status":"closed","template":"","meta":{"_uag_custom_page_level_css":"","site-sidebar-layout":"default","site-content-layout":"default","ast-global-header-display":"","ast-main-header-display":"","ast-hfb-above-header-display":"","ast-hfb-below-header-display":"","ast-hfb-mobile-header-display":"","site-post-title":"disabled","ast-breadcrumbs-content":"","ast-featured-img":"","footer-sml-layout":"","theme-transparent-header-meta":"","adv-header-id-meta":"","stick-header-meta":"","header-above-stick-meta":"","header-main-stick-meta":"","header-below-stick-meta":""},"yoast_head":"<!-- This site is optimized with the Yoast SEO plugin v20.3 - https:\/\/yoast.com\/wordpress\/plugins\/seo\/ -->\n<title>Cosmo Reiki - cosmoreiki.fr<\/title>\n<meta name=\"robots\" content=\"index, follow, max-snippet:-1, max-image-preview:large, max-video-preview:-1\" \/>\n<link rel=\"canonical\" href=\"https:\/\/cosmoreiki.fr\/?page_id=987\" \/>\n<meta property=\"og:locale\" content=\"fr_FR\" \/>\n<meta property=\"og:type\" content=\"article\" \/>\n<meta property=\"og:title\" content=\"Cosmo Reiki - cosmoreiki.fr\" \/>\n<meta property=\"og:description\" content=\"Cosmo Reiki est n\u00e9 en 2023, bas\u00e9 sur la tradition japonaise du Jikiden &nbsp;Reiki. Les origines du Jikiden Reiki remontent \u00e0 l&rsquo;officier chirurgien de la marine Chujiro Hayashi, l&rsquo;un des 20 instructeurs form\u00e9s par le fondateur du Reiki, Mikao Usui. J&rsquo;ai appris directement de Tadao Yamaguchi, le fils de feu Chiyoko Yamaguchi, la fondatrice de &hellip; Cosmo Reiki Lire la suite\u00a0\u00bb\" \/>\n<meta property=\"og:url\" content=\"https:\/\/cosmoreiki.fr\/?page_id=987\" \/>\n<meta property=\"og:site_name\" content=\"cosmoreiki.fr\" \/>\n<meta property=\"article:modified_time\" content=\"2023-03-07T00:57:20+00:00\" \/>\n<meta property=\"og:image\" content=\"https:\/\/cosmoreiki.fr\/wp-content\/uploads\/2023\/03\/Page3-prencipalharli-marten-n7a2OJDSZns-unsplash_s-300x197.jpg\" \/>\n<meta name=\"twitter:card\" content=\"summary_large_image\" \/>\n<meta name=\"twitter:label1\" content=\"Dur\u00e9e de lecture estim\u00e9e\" \/>\n\t<meta name=\"twitter:data1\" content=\"2 minutes\" \/>\n<script type=\"application\/ld+json\" class=\"yoast-schema-graph\">{\"@context\":\"https:\/\/schema.org\",\"@graph\":[{\"@type\":\"WebPage\",\"@id\":\"https:\/\/cosmoreiki.fr\/?page_id=987\",\"url\":\"https:\/\/cosmoreiki.fr\/?page_id=987\",\"name\":\"Cosmo Reiki - cosmoreiki.fr\",\"isPartOf\":{\"@id\":\"https:\/\/cosmoreiki.fr\/#website\"},\"datePublished\":\"2023-03-02T12:33:08+00:00\",\"dateModified\":\"2023-03-07T00:57:20+00:00\",\"breadcrumb\":{\"@id\":\"https:\/\/cosmoreiki.fr\/?page_id=987#breadcrumb\"},\"inLanguage\":\"fr-FR\",\"potentialAction\":[{\"@type\":\"ReadAction\",\"target\":[\"https:\/\/cosmoreiki.fr\/?page_id=987\"]}]},{\"@type\":\"BreadcrumbList\",\"@id\":\"https:\/\/cosmoreiki.fr\/?page_id=987#breadcrumb\",\"itemListElement\":[{\"@type\":\"ListItem\",\"position\":1,\"name\":\"Accueil\",\"item\":\"https:\/\/cosmoreiki.fr\/\"},{\"@type\":\"ListItem\",\"position\":2,\"name\":\"Cosmo Reiki\"}]},{\"@type\":\"WebSite\",\"@id\":\"https:\/\/cosmoreiki.fr\/#website\",\"url\":\"https:\/\/cosmoreiki.fr\/\",\"name\":\"cosmoreiki.fr\",\"description\":\"\",\"publisher\":{\"@id\":\"https:\/\/cosmoreiki.fr\/#organization\"},\"potentialAction\":[{\"@type\":\"SearchAction\",\"target\":{\"@type\":\"EntryPoint\",\"urlTemplate\":\"https:\/\/cosmoreiki.fr\/?s={search_term_string}\"},\"query-input\":\"required name=search_term_string\"}],\"inLanguage\":\"fr-FR\"},{\"@type\":\"Organization\",\"@id\":\"https:\/\/cosmoreiki.fr\/#organization\",\"name\":\"Cosmo Reiki\",\"url\":\"https:\/\/cosmoreiki.fr\/\",\"logo\":{\"@type\":\"ImageObject\",\"inLanguage\":\"fr-FR\",\"@id\":\"https:\/\/cosmoreiki.fr\/#\/schema\/logo\/image\/\",\"url\":\"https:\/\/cosmoreiki.fr\/wp-content\/uploads\/2023\/03\/logo-cosmo-reiki-pour-blog-contour-blanc-grandi-rogne.png\",\"contentUrl\":\"https:\/\/cosmoreiki.fr\/wp-content\/uploads\/2023\/03\/logo-cosmo-reiki-pour-blog-contour-blanc-grandi-rogne.png\",\"width\":296,\"height\":266,\"caption\":\"Cosmo Reiki\"},\"image\":{\"@id\":\"https:\/\/cosmoreiki.fr\/#\/schema\/logo\/image\/\"}}]}<\/script>\n<!-- \/ Yoast SEO plugin. -->","yoast_head_json":{"title":"Cosmo Reiki - cosmoreiki.fr","robots":{"index":"index","follow":"follow","max-snippet":"max-snippet:-1","max-image-preview":"max-image-preview:large","max-video-preview":"max-video-preview:-1"},"canonical":"https:\/\/cosmoreiki.fr\/?page_id=987","og_locale":"fr_FR","og_type":"article","og_title":"Cosmo Reiki - cosmoreiki.fr","og_description":"Cosmo Reiki est n\u00e9 en 2023, bas\u00e9 sur la tradition japonaise du Jikiden &nbsp;Reiki. Les origines du Jikiden Reiki remontent \u00e0 l&rsquo;officier chirurgien de la marine Chujiro Hayashi, l&rsquo;un des 20 instructeurs form\u00e9s par le fondateur du Reiki, Mikao Usui. J&rsquo;ai appris directement de Tadao Yamaguchi, le fils de feu Chiyoko Yamaguchi, la fondatrice de &hellip; Cosmo Reiki Lire la suite\u00a0\u00bb","og_url":"https:\/\/cosmoreiki.fr\/?page_id=987","og_site_name":"cosmoreiki.fr","article_modified_time":"2023-03-07T00:57:20+00:00","og_image":[{"url":"https:\/\/cosmoreiki.fr\/wp-content\/uploads\/2023\/03\/Page3-prencipalharli-marten-n7a2OJDSZns-unsplash_s-300x197.jpg"}],"twitter_card":"summary_large_image","twitter_misc":{"Dur\u00e9e de lecture estim\u00e9e":"2 minutes"},"schema":{"@context":"https:\/\/schema.org","@graph":[{"@type":"WebPage","@id":"https:\/\/cosmoreiki.fr\/?page_id=987","url":"https:\/\/cosmoreiki.fr\/?page_id=987","name":"Cosmo Reiki - cosmoreiki.fr","isPartOf":{"@id":"https:\/\/cosmoreiki.fr\/#website"},"datePublished":"2023-03-02T12:33:08+00:00","dateModified":"2023-03-07T00:57:20+00:00","breadcrumb":{"@id":"https:\/\/cosmoreiki.fr\/?page_id=987#breadcrumb"},"inLanguage":"fr-FR","potentialAction":[{"@type":"ReadAction","target":["https:\/\/cosmoreiki.fr\/?page_id=987"]}]},{"@type":"BreadcrumbList","@id":"https:\/\/cosmoreiki.fr\/?page_id=987#breadcrumb","itemListElement":[{"@type":"ListItem","position":1,"name":"Accueil","item":"https:\/\/cosmoreiki.fr\/"},{"@type":"ListItem","position":2,"name":"Cosmo Reiki"}]},{"@type":"WebSite","@id":"https:\/\/cosmoreiki.fr\/#website","url":"https:\/\/cosmoreiki.fr\/","name":"cosmoreiki.fr","description":"","publisher":{"@id":"https:\/\/cosmoreiki.fr\/#organization"},"potentialAction":[{"@type":"SearchAction","target":{"@type":"EntryPoint","urlTemplate":"https:\/\/cosmoreiki.fr\/?s={search_term_string}"},"query-input":"required name=search_term_string"}],"inLanguage":"fr-FR"},{"@type":"Organization","@id":"https:\/\/cosmoreiki.fr\/#organization","name":"Cosmo Reiki","url":"https:\/\/cosmoreiki.fr\/","logo":{"@type":"ImageObject","inLanguage":"fr-FR","@id":"https:\/\/cosmoreiki.fr\/#\/schema\/logo\/image\/","url":"https:\/\/cosmoreiki.fr\/wp-content\/uploads\/2023\/03\/logo-cosmo-reiki-pour-blog-contour-blanc-grandi-rogne.png","contentUrl":"https:\/\/cosmoreiki.fr\/wp-content\/uploads\/2023\/03\/logo-cosmo-reiki-pour-blog-contour-blanc-grandi-rogne.png","width":296,"height":266,"caption":"Cosmo Reiki"},"image":{"@id":"https:\/\/cosmoreiki.fr\/#\/schema\/logo\/image\/"}}]}},"uagb_featured_image_src":{"full":false,"thumbnail":false,"medium":false,"medium_large":false,"large":false,"1536x1536":false,"2048x2048":false},"uagb_author_info":{"display_name":"Sirius","author_link":"https:\/\/cosmoreiki.fr\/?author=1"},"uagb_comment_info":0,"uagb_excerpt":"Cosmo Reiki est n\u00e9 en 2023, bas\u00e9 sur la tradition japonaise du Jikiden &nbsp;Reiki. Les origines du Jikiden Reiki remontent \u00e0 l&rsquo;officier chirurgien de la marine Chujiro Hayashi, l&rsquo;un des 20 instructeurs form\u00e9s par le fondateur du Reiki, Mikao Usui. J&rsquo;ai appris directement de Tadao Yamaguchi, le fils de feu Chiyoko Yamaguchi, la fondatrice de\u2026","_links":{"self":[{"href":"https:\/\/cosmoreiki.fr\/index.php?rest_route=\/wp\/v2\/pages\/987"}],"collection":[{"href":"https:\/\/cosmoreiki.fr\/index.php?rest_route=\/wp\/v2\/pages"}],"about":[{"href":"https:\/\/cosmoreiki.fr\/index.php?rest_route=\/wp\/v2\/types\/page"}],"author":[{"embeddable":true,"href":"https:\/\/cosmoreiki.fr\/index.php?rest_route=\/wp\/v2\/users\/1"}],"replies":[{"embeddable":true,"href":"https:\/\/cosmoreiki.fr\/index.php?rest_route=%2Fwp%2Fv2%2Fcomments&post=987"}],"version-history":[{"count":10,"href":"https:\/\/cosmoreiki.fr\/index.php?rest_route=\/wp\/v2\/pages\/987\/revisions"}],"predecessor-version":[{"id":1113,"href":"https:\/\/cosmoreiki.fr\/index.php?rest_route=\/wp\/v2\/pages\/987\/revisions\/1113"}],"wp:attachment":[{"href":"https:\/\/cosmoreiki.fr\/index.php?rest_route=%2Fwp%2Fv2%2Fmedia&parent=987"}],"curies":[{"name":"wp","href":"https:\/\/api.w.org\/{rel}","templated":true}]}}