{"id":948,"date":"2023-03-02T10:03:48","date_gmt":"2023-03-02T10:03:48","guid":{"rendered":"https:\/\/cosmoreiki.fr\/?page_id=948"},"modified":"2023-03-07T00:53:33","modified_gmt":"2023-03-07T00:53:33","slug":"histoire","status":"publish","type":"page","link":"https:\/\/cosmoreiki.fr\/?page_id=948","title":{"rendered":"Histoire"},"content":{"rendered":"\n<div class=\"wp-block-uagb-container uagb-block-fbe04a7a alignfull uagb-is-root-container\"><div class=\"uagb-container-inner-blocks-wrap\">\n<div class=\"wp-block-uagb-advanced-heading uagb-block-8fde8e52\"><h1 class=\"uagb-heading-text\"><br>Histoire du Reiki<\/h1><\/div>\n<\/div><\/div>\n\n\n\n<p><br><\/p>\n\n\n\n<div class=\"wp-block-uagb-image alignright uagb-block-30f10686 wp-block-uagb-image--layout-default wp-block-uagb-image--effect-static wp-block-uagb-image--align-right\"><figure class=\"wp-block-uagb-image__figure\"><img decoding=\"async\" srcset=\"https:\/\/cosmoreiki.fr\/wp-content\/uploads\/2023\/03\/Page2-20220825_132619_s-300x225.jpg \" src=\"https:\/\/cosmoreiki.fr\/wp-content\/uploads\/2023\/03\/Page2-20220825_132619_s-300x225.jpg\" alt=\"\" class=\"uag-image-872\" width=\"409\" height=\"225\" title=\"\" loading=\"lazy\"\/><\/figure><\/div>\n\n\n\n<p class=\"has-text-align-left has-medium-font-size\" style=\"margin-top:0;margin-right:0;margin-bottom:0;margin-left:0\">On dit que le Reiki est n\u00e9 en 1922 comme une capacit\u00e9 \u00e9veill\u00e9e et d\u00e9velopp\u00e9e par son fondateur, Mikao Usui, en commen\u00e7ant par la formation Zen au Mont Kurama, \u00e0 Kyoto. M. Usui a exp\u00e9riment\u00e9 toutes sortes d&#8217;emplois, y compris fonctionnaire, journaliste et secr\u00e9taire de politiciens, mais il s&rsquo;est toujours demand\u00e9 : \u00ab Quel est le but de la vie ?&nbsp;\u00bb.&nbsp;Ainsi, apr\u00e8s trois ans d&rsquo;entra\u00eenement dans la voie du Zen, il \u00e9tait toujours incapable d&rsquo;atteindre l&rsquo;illumination. Enfin, un jour, le 20\u00e8me jour apr\u00e8s avoir commenc\u00e9 l&rsquo;entra\u00eenement au je\u00fbne au Mont Kurama, il a re\u00e7u un choc violent et il est tomb\u00e9, inconscient. Quelques heures plus tard, il s&rsquo;est r\u00e9veill\u00e9 avec un esprit et une corps rafra\u00eechis, et, lorsque cette \u00e9nergie (Reiki) a travers\u00e9 son esprit et son corps et a r\u00e9sonn\u00e9 avec son \u00e2me, il a ressenti un fort sentiment d&rsquo;unit\u00e9 avec l\u2019Univers. Il s&rsquo;est bless\u00e9 \u00e0 la jambe en rentrant chez lui, et lorsqu&rsquo;il a pos\u00e9 sa main dessus, la douleur a disparu et le saignement s&rsquo;est arr\u00eat\u00e9.<\/p>\n\n\n\n<p class=\"has-text-align-left\" style=\"margin-top:0;margin-right:0;margin-bottom:0;margin-left:0\"><br><\/p>\n\n\n\n<div class=\"wp-block-uagb-image alignright uagb-block-1e8d02fa wp-block-uagb-image--layout-default wp-block-uagb-image--effect-static wp-block-uagb-image--align-right\"><figure class=\"wp-block-uagb-image__figure\"><img decoding=\"async\" srcset=\"https:\/\/cosmoreiki.fr\/wp-content\/uploads\/2023\/03\/Page2-220220825_134011-min_s-300x225.jpg \" src=\"https:\/\/cosmoreiki.fr\/wp-content\/uploads\/2023\/03\/Page2-220220825_134011-min_s-300x225.jpg\" alt=\"\" class=\"uag-image-873\" width=\"353\" height=\"225\" title=\"\" loading=\"lazy\"\/><\/figure><\/div>\n\n\n\n<p class=\"has-medium-font-size\">Ensuite, suite \u00e0 des recherches m\u00e9thodologiques, il a organis\u00e9 des soins de Reiki dans le but de soigner les maladies en posant ses mains dessus et de rendre tout le monde heureux. A cette \u00e9poque, M. Usui avait 2 000 disciples, et dans ses derni\u00e8res ann\u00e9es, il a form\u00e9 20 ma\u00eetres qui ont transmis le Reiki aux g\u00e9n\u00e9rations futures, jusqu\u2019\u00e0 ce jour. Aussi, nous avons dit plus haut qu&rsquo;il y a trois types de Reiki qui sont largement ouverts au public, mais les autres, qui ne sont pas ouverts au public, ont \u00e9t\u00e9 fond\u00e9s par M. Usui, ont \u00e9t\u00e9 transmis par ses disciples a\u00een\u00e9s, et existent toujours aujourd&rsquo;hui.<br><br><br><\/p>\n\n\n\n<div class=\"wp-block-uagb-image alignleft uagb-block-efa0f50b wp-block-uagb-image--layout-default wp-block-uagb-image--effect-static wp-block-uagb-image--align-left\"><figure class=\"wp-block-uagb-image__figure\"><img decoding=\"async\" srcset=\"https:\/\/cosmoreiki.fr\/wp-content\/uploads\/2023\/03\/Page2-Mikaousui_s-209x300.jpg \" src=\"https:\/\/cosmoreiki.fr\/wp-content\/uploads\/2023\/03\/Page2-Mikaousui_s-209x300.jpg\" alt=\"\" class=\"uag-image-874\" width=\"209\" height=\"300\" title=\"\" loading=\"lazy\"\/><\/figure><\/div>\n\n\n\n<p class=\"has-medium-font-size\">En 1922, M. Usui a \u00e9t\u00e9 illumin\u00e9 et a ouvert un dojo (salon). En 1923, le grand tremblement de terre du Kant\u00f4 s&rsquo;est produit et M. Usui a parcouru les villes pour soigner de nombreux bless\u00e9s et malades. Puis, en 1925, un nouveau dojo a \u00e9t\u00e9 cr\u00e9\u00e9 et est devenu connu au Japon. De plus, probablement parce que bon nombre des grands disciples, qui pourraient \u00eatre appel\u00e9s successeurs, faisaient de la marine japonaise, apr\u00e8s la Seconde Guerre mondiale, le commandement supr\u00eame des forces alli\u00e9es a interdit&nbsp; d&rsquo;utiliser des rem\u00e8des populaires (comme le Reiki) autres que la m\u00e9decine occidentale (* sauf le massage&nbsp;: Anma, Shiatu, etc.). <br>Par cons\u00e9quent, il n&rsquo;y a plus eu de personnes au Japon qui ont pu pratiquer ouvertement le Reiki. Cependant, avant la guerre, un des disciples de M. Usui, M. Chujiro Hayashi, a enseign\u00e9 le Reiki \u00e0 Mme Hwayo TAKADA qui \u00e9tait une am\u00e9ricaine d\u2019origine japonaise, ce qui a conduit \u00e0 la cr\u00e9ation du Reiki occidental. Plus tard, suite \u00e0 l&rsquo;essor du Zen et du Reiki en Europe et aux Etats-Unis, le Reiki a \u00e9t\u00e9 r\u00e9import\u00e9 au Japon. Maintenant, m\u00eame au Japon, certaines personnes connaissent le Reiki, mais la r\u00e9alit\u00e9 est qu&rsquo;il y a encore beaucoup de gens qui ne le connaissent pas.<\/p>\n\n\n\n<p class=\"has-medium-font-size\">Qu\u2019en est-il en France ? Je me souviens avoir entendu le mot Reiki d&rsquo;un fran\u00e7ais il y a 12-13 ans. A cette \u00e9poque, je n&rsquo;avais vraiment aucune id\u00e9e de ce qu&rsquo;\u00e9tait le Reiki, mais je savais que le mot Reiki \u00e9tait japonais. De nos jours, quand je vais dans des salons d\u00e9di\u00e9s au zen, je vois souvent des kiosques d&rsquo;\u00e9cole de Reiki.<br><br><\/p>\n\n\n\n<div class=\"wp-block-uagb-container uagb-block-748c9835 alignfull uagb-is-root-container\"><div class=\"uagb-container-inner-blocks-wrap\">\n<div class=\"wp-block-uagb-call-to-action uagb-block-3a8cc94a wp-block-button\"><div class=\"uagb-cta__wrap\"><h2 class=\"uagb-cta__title\">Contactez nous<\/h2><p class=\"uagb-cta__desc\">En cours de pr\u00e9paration<\/p><\/div><div class=\"uagb-cta__buttons\"><a href=\"https:\/\/cosmoreiki.fr\/?page_id=100\" class=\"uagb-cta__button-link-wrapper wp-block-button__link\" target=\"_self\" rel=\"noopener noreferrer\">Cliquez ici<\/a><\/div><\/div>\n<\/div><\/div>\n","protected":false},"excerpt":{"rendered":"<p>On dit que le Reiki est n\u00e9 en 1922 comme une capacit\u00e9 \u00e9veill\u00e9e et d\u00e9velopp\u00e9e par son fondateur, Mikao Usui, en commen\u00e7ant par la formation Zen au Mont Kurama, \u00e0 Kyoto. M. Usui a exp\u00e9riment\u00e9 toutes sortes d&#8217;emplois, y compris fonctionnaire, journaliste et secr\u00e9taire de politiciens, mais il s&rsquo;est toujours demand\u00e9 : \u00ab Quel est &hellip;<\/p>\n<p class=\"read-more\"> <a class=\"\" href=\"https:\/\/cosmoreiki.fr\/?page_id=948\"> <span class=\"screen-reader-text\">Histoire<\/span> Lire la suite\u00a0\u00bb<\/a><\/p>\n","protected":false},"author":1,"featured_media":0,"parent":0,"menu_order":0,"comment_status":"closed","ping_status":"closed","template":"","meta":{"_uag_custom_page_level_css":"","site-sidebar-layout":"default","site-content-layout":"default","ast-global-header-display":"","ast-main-header-display":"","ast-hfb-above-header-display":"","ast-hfb-below-header-display":"","ast-hfb-mobile-header-display":"","site-post-title":"disabled","ast-breadcrumbs-content":"","ast-featured-img":"","footer-sml-layout":"","theme-transparent-header-meta":"","adv-header-id-meta":"","stick-header-meta":"","header-above-stick-meta":"","header-main-stick-meta":"","header-below-stick-meta":""},"yoast_head":"<!-- This site is optimized with the Yoast SEO plugin v20.3 - https:\/\/yoast.com\/wordpress\/plugins\/seo\/ -->\n<title>Histoire - cosmoreiki.fr<\/title>\n<meta name=\"robots\" content=\"index, follow, max-snippet:-1, max-image-preview:large, max-video-preview:-1\" \/>\n<link rel=\"canonical\" href=\"https:\/\/cosmoreiki.fr\/?page_id=948\" \/>\n<meta property=\"og:locale\" content=\"fr_FR\" \/>\n<meta property=\"og:type\" content=\"article\" \/>\n<meta property=\"og:title\" content=\"Histoire - cosmoreiki.fr\" \/>\n<meta property=\"og:description\" content=\"On dit que le Reiki est n\u00e9 en 1922 comme une capacit\u00e9 \u00e9veill\u00e9e et d\u00e9velopp\u00e9e par son fondateur, Mikao Usui, en commen\u00e7ant par la formation Zen au Mont Kurama, \u00e0 Kyoto. M. Usui a exp\u00e9riment\u00e9 toutes sortes d&#8217;emplois, y compris fonctionnaire, journaliste et secr\u00e9taire de politiciens, mais il s&rsquo;est toujours demand\u00e9 : \u00ab Quel est &hellip; Histoire Lire la suite\u00a0\u00bb\" \/>\n<meta property=\"og:url\" content=\"https:\/\/cosmoreiki.fr\/?page_id=948\" \/>\n<meta property=\"og:site_name\" content=\"cosmoreiki.fr\" \/>\n<meta property=\"article:modified_time\" content=\"2023-03-07T00:53:33+00:00\" \/>\n<meta property=\"og:image\" content=\"https:\/\/cosmoreiki.fr\/wp-content\/uploads\/2023\/03\/Page2-20220825_132619_s-300x225.jpg\" \/>\n<meta name=\"twitter:card\" content=\"summary_large_image\" \/>\n<meta name=\"twitter:label1\" content=\"Dur\u00e9e de lecture estim\u00e9e\" \/>\n\t<meta name=\"twitter:data1\" content=\"3 minutes\" \/>\n<script type=\"application\/ld+json\" class=\"yoast-schema-graph\">{\"@context\":\"https:\/\/schema.org\",\"@graph\":[{\"@type\":\"WebPage\",\"@id\":\"https:\/\/cosmoreiki.fr\/?page_id=948\",\"url\":\"https:\/\/cosmoreiki.fr\/?page_id=948\",\"name\":\"Histoire - cosmoreiki.fr\",\"isPartOf\":{\"@id\":\"https:\/\/cosmoreiki.fr\/#website\"},\"datePublished\":\"2023-03-02T10:03:48+00:00\",\"dateModified\":\"2023-03-07T00:53:33+00:00\",\"breadcrumb\":{\"@id\":\"https:\/\/cosmoreiki.fr\/?page_id=948#breadcrumb\"},\"inLanguage\":\"fr-FR\",\"potentialAction\":[{\"@type\":\"ReadAction\",\"target\":[\"https:\/\/cosmoreiki.fr\/?page_id=948\"]}]},{\"@type\":\"BreadcrumbList\",\"@id\":\"https:\/\/cosmoreiki.fr\/?page_id=948#breadcrumb\",\"itemListElement\":[{\"@type\":\"ListItem\",\"position\":1,\"name\":\"Accueil\",\"item\":\"https:\/\/cosmoreiki.fr\/\"},{\"@type\":\"ListItem\",\"position\":2,\"name\":\"Histoire\"}]},{\"@type\":\"WebSite\",\"@id\":\"https:\/\/cosmoreiki.fr\/#website\",\"url\":\"https:\/\/cosmoreiki.fr\/\",\"name\":\"cosmoreiki.fr\",\"description\":\"\",\"publisher\":{\"@id\":\"https:\/\/cosmoreiki.fr\/#organization\"},\"potentialAction\":[{\"@type\":\"SearchAction\",\"target\":{\"@type\":\"EntryPoint\",\"urlTemplate\":\"https:\/\/cosmoreiki.fr\/?s={search_term_string}\"},\"query-input\":\"required name=search_term_string\"}],\"inLanguage\":\"fr-FR\"},{\"@type\":\"Organization\",\"@id\":\"https:\/\/cosmoreiki.fr\/#organization\",\"name\":\"Cosmo Reiki\",\"url\":\"https:\/\/cosmoreiki.fr\/\",\"logo\":{\"@type\":\"ImageObject\",\"inLanguage\":\"fr-FR\",\"@id\":\"https:\/\/cosmoreiki.fr\/#\/schema\/logo\/image\/\",\"url\":\"https:\/\/cosmoreiki.fr\/wp-content\/uploads\/2023\/03\/logo-cosmo-reiki-pour-blog-contour-blanc-grandi-rogne.png\",\"contentUrl\":\"https:\/\/cosmoreiki.fr\/wp-content\/uploads\/2023\/03\/logo-cosmo-reiki-pour-blog-contour-blanc-grandi-rogne.png\",\"width\":296,\"height\":266,\"caption\":\"Cosmo Reiki\"},\"image\":{\"@id\":\"https:\/\/cosmoreiki.fr\/#\/schema\/logo\/image\/\"}}]}<\/script>\n<!-- \/ Yoast SEO plugin. -->","yoast_head_json":{"title":"Histoire - cosmoreiki.fr","robots":{"index":"index","follow":"follow","max-snippet":"max-snippet:-1","max-image-preview":"max-image-preview:large","max-video-preview":"max-video-preview:-1"},"canonical":"https:\/\/cosmoreiki.fr\/?page_id=948","og_locale":"fr_FR","og_type":"article","og_title":"Histoire - cosmoreiki.fr","og_description":"On dit que le Reiki est n\u00e9 en 1922 comme une capacit\u00e9 \u00e9veill\u00e9e et d\u00e9velopp\u00e9e par son fondateur, Mikao Usui, en commen\u00e7ant par la formation Zen au Mont Kurama, \u00e0 Kyoto. M. Usui a exp\u00e9riment\u00e9 toutes sortes d&#8217;emplois, y compris fonctionnaire, journaliste et secr\u00e9taire de politiciens, mais il s&rsquo;est toujours demand\u00e9 : \u00ab Quel est &hellip; Histoire Lire la suite\u00a0\u00bb","og_url":"https:\/\/cosmoreiki.fr\/?page_id=948","og_site_name":"cosmoreiki.fr","article_modified_time":"2023-03-07T00:53:33+00:00","og_image":[{"url":"https:\/\/cosmoreiki.fr\/wp-content\/uploads\/2023\/03\/Page2-20220825_132619_s-300x225.jpg"}],"twitter_card":"summary_large_image","twitter_misc":{"Dur\u00e9e de lecture estim\u00e9e":"3 minutes"},"schema":{"@context":"https:\/\/schema.org","@graph":[{"@type":"WebPage","@id":"https:\/\/cosmoreiki.fr\/?page_id=948","url":"https:\/\/cosmoreiki.fr\/?page_id=948","name":"Histoire - cosmoreiki.fr","isPartOf":{"@id":"https:\/\/cosmoreiki.fr\/#website"},"datePublished":"2023-03-02T10:03:48+00:00","dateModified":"2023-03-07T00:53:33+00:00","breadcrumb":{"@id":"https:\/\/cosmoreiki.fr\/?page_id=948#breadcrumb"},"inLanguage":"fr-FR","potentialAction":[{"@type":"ReadAction","target":["https:\/\/cosmoreiki.fr\/?page_id=948"]}]},{"@type":"BreadcrumbList","@id":"https:\/\/cosmoreiki.fr\/?page_id=948#breadcrumb","itemListElement":[{"@type":"ListItem","position":1,"name":"Accueil","item":"https:\/\/cosmoreiki.fr\/"},{"@type":"ListItem","position":2,"name":"Histoire"}]},{"@type":"WebSite","@id":"https:\/\/cosmoreiki.fr\/#website","url":"https:\/\/cosmoreiki.fr\/","name":"cosmoreiki.fr","description":"","publisher":{"@id":"https:\/\/cosmoreiki.fr\/#organization"},"potentialAction":[{"@type":"SearchAction","target":{"@type":"EntryPoint","urlTemplate":"https:\/\/cosmoreiki.fr\/?s={search_term_string}"},"query-input":"required name=search_term_string"}],"inLanguage":"fr-FR"},{"@type":"Organization","@id":"https:\/\/cosmoreiki.fr\/#organization","name":"Cosmo Reiki","url":"https:\/\/cosmoreiki.fr\/","logo":{"@type":"ImageObject","inLanguage":"fr-FR","@id":"https:\/\/cosmoreiki.fr\/#\/schema\/logo\/image\/","url":"https:\/\/cosmoreiki.fr\/wp-content\/uploads\/2023\/03\/logo-cosmo-reiki-pour-blog-contour-blanc-grandi-rogne.png","contentUrl":"https:\/\/cosmoreiki.fr\/wp-content\/uploads\/2023\/03\/logo-cosmo-reiki-pour-blog-contour-blanc-grandi-rogne.png","width":296,"height":266,"caption":"Cosmo Reiki"},"image":{"@id":"https:\/\/cosmoreiki.fr\/#\/schema\/logo\/image\/"}}]}},"uagb_featured_image_src":{"full":false,"thumbnail":false,"medium":false,"medium_large":false,"large":false,"1536x1536":false,"2048x2048":false},"uagb_author_info":{"display_name":"Sirius","author_link":"https:\/\/cosmoreiki.fr\/?author=1"},"uagb_comment_info":0,"uagb_excerpt":"On dit que le Reiki est n\u00e9 en 1922 comme une capacit\u00e9 \u00e9veill\u00e9e et d\u00e9velopp\u00e9e par son fondateur, Mikao Usui, en commen\u00e7ant par la formation Zen au Mont Kurama, \u00e0 Kyoto. M. Usui a exp\u00e9riment\u00e9 toutes sortes d&#8217;emplois, y compris fonctionnaire, journaliste et secr\u00e9taire de politiciens, mais il s&rsquo;est toujours demand\u00e9 : \u00ab Quel est\u2026","_links":{"self":[{"href":"https:\/\/cosmoreiki.fr\/index.php?rest_route=\/wp\/v2\/pages\/948"}],"collection":[{"href":"https:\/\/cosmoreiki.fr\/index.php?rest_route=\/wp\/v2\/pages"}],"about":[{"href":"https:\/\/cosmoreiki.fr\/index.php?rest_route=\/wp\/v2\/types\/page"}],"author":[{"embeddable":true,"href":"https:\/\/cosmoreiki.fr\/index.php?rest_route=\/wp\/v2\/users\/1"}],"replies":[{"embeddable":true,"href":"https:\/\/cosmoreiki.fr\/index.php?rest_route=%2Fwp%2Fv2%2Fcomments&post=948"}],"version-history":[{"count":26,"href":"https:\/\/cosmoreiki.fr\/index.php?rest_route=\/wp\/v2\/pages\/948\/revisions"}],"predecessor-version":[{"id":1110,"href":"https:\/\/cosmoreiki.fr\/index.php?rest_route=\/wp\/v2\/pages\/948\/revisions\/1110"}],"wp:attachment":[{"href":"https:\/\/cosmoreiki.fr\/index.php?rest_route=%2Fwp%2Fv2%2Fmedia&parent=948"}],"curies":[{"name":"wp","href":"https:\/\/api.w.org\/{rel}","templated":true}]}}