{"id":931,"date":"2023-03-01T23:16:53","date_gmt":"2023-03-01T23:16:53","guid":{"rendered":"https:\/\/cosmoreiki.fr\/?page_id=931"},"modified":"2024-03-10T17:24:01","modified_gmt":"2024-03-10T17:24:01","slug":"audio","status":"publish","type":"page","link":"https:\/\/cosmoreiki.fr\/?page_id=931","title":{"rendered":"Cosmo salon"},"content":{"rendered":"\n<div class=\"wp-block-uagb-container uagb-block-0b432d6f alignfull uagb-is-root-container\"><div class=\"uagb-container-inner-blocks-wrap\">\n<div class=\"wp-block-uagb-advanced-heading uagb-block-a386cb06\"><h1 class=\"uagb-heading-text\"><br>Cosmo Salon<\/h1><\/div>\n<\/div><\/div>\n\n\n\n<p><br><\/p>\n\n\n\n<p><strong>Dans le Cosmo Salon, nous publierons des informations recommand\u00e9es sur le Reiki, des connaissances spirituelles et de la musique. <\/strong><\/p>\n\n\n\n<p><strong>Si vous \u00eates int\u00e9ress\u00e9, veuillez en profiter \u00e0 votre rythme.<\/strong><\/p>\n\n\n\n<p><br><\/p>\n\n\n\n<div class=\"wp-block-uagb-container uagb-block-8d92b94d alignfull uagb-is-root-container\"><div class=\"uagb-container-inner-blocks-wrap\">\n<div class=\"wp-block-uagb-container uagb-block-a37fa154\">\n<figure class=\"wp-block-image size-full\"><img decoding=\"async\" loading=\"lazy\" width=\"254\" height=\"100\" src=\"https:\/\/cosmoreiki.fr\/wp-content\/uploads\/2023\/06\/santemag-3.png\" alt=\"\" class=\"wp-image-1328\"\/><\/figure>\n<\/div>\n\n\n\n<div class=\"wp-block-uagb-container uagb-block-07c3c557\">\n<p><strong>Web : REIKI (Sant\u00e9 Magazine)<\/strong><\/p>\n\n\n\n<p class=\"wp-elements-85473da0baf90ab9892a8c3233ef2382 has-link-color\">Cet article d\u00e9crit le Reiki de mani\u00e8re syst\u00e9matique et facile \u00e0 comprendre. Il est recommand\u00e9 car vous pouvez en apprendre plus sur le Reiki en quelques minutes seulement.<br><a href=\"https:\/\/www.santemagazine.fr\/medecines-alternatives\/pratiques-orientales\/reiki-177001\" target=\"_blank\" rel=\"noreferrer noopener\">Reiki\u00a0: pratique, bienfaits et risques | Sant\u00e9 Magazine (santemagazine.fr)<\/a><\/p>\n<\/div>\n<\/div><\/div>\n\n\n\n<div class=\"wp-block-uagb-container uagb-block-0c846928 alignfull uagb-is-root-container\"><div class=\"uagb-container-inner-blocks-wrap\">\n<div class=\"wp-block-uagb-container uagb-block-ed759b4a\">\n<figure class=\"wp-block-image size-full is-resized\"><img decoding=\"async\" loading=\"lazy\" src=\"https:\/\/cosmoreiki.fr\/wp-content\/uploads\/2024\/03\/image.png\" alt=\"\" class=\"wp-image-1446\" width=\"230\" height=\"29\" srcset=\"https:\/\/cosmoreiki.fr\/wp-content\/uploads\/2024\/03\/image.png 555w, https:\/\/cosmoreiki.fr\/wp-content\/uploads\/2024\/03\/image-300x39.png 300w\" sizes=\"(max-width: 230px) 100vw, 230px\" \/><\/figure>\n<\/div>\n\n\n\n<div class=\"wp-block-uagb-container uagb-block-6c02c722\">\n<p><br><br><br><br><\/p>\n\n\n\n<p><strong>Web : La page d\u2019accueil de Jikiden Reiki<\/strong><\/p>\n\n\n\n<p>L&rsquo;histoire et des informations sur le Jikiden Reiki, sur les s\u00e9minaires au Japon et \u00e0 l&rsquo;\u00e9tranger ainsi que sur les instructeurs certifi\u00e9s sont publi\u00e9es. Il est disponible en japonais et en anglais, donc si vous \u00eates int\u00e9ress\u00e9, consultez-le.<\/p>\n\n\n\n<p class=\"wp-elements-4162f2f453d8627b64804772594b9798 has-link-color\"><a href=\"https:\/\/www.jikiden-reiki.com\/\" target=\"_blank\" rel=\"noreferrer noopener\">\u76f4\u50b3\u970a\u6c17\u7814\u7a76\u4f1a\u30fb\u516c\u5f0f\u30b5\u30a4\u30c8\uff08\u30ec\u30a4\u30ad\uff09 (jikiden-reiki.com)<\/a>\u00a0\u00a0\u00a0 (Japonais)<\/p>\n\n\n\n<p class=\"wp-elements-e0b0c49169e5df21a93103bf2051b1b5 has-link-color\">\u00a0<a href=\"https:\/\/www.jikiden-reiki.com\/en\/\" target=\"_blank\" rel=\"noreferrer noopener\">Jikiden Reiki Institute &#8211; Official Homepage (jikiden-reiki.com)<\/a> \u00a0\u00a0\u00a0\u00a0\u00a0\u00a0\u00a0(Anglais)<\/p>\n<\/div>\n<\/div><\/div>\n\n\n\n<p><br><br><br><br><br><\/p>\n\n\n\n<div class=\"wp-block-uagb-container uagb-block-748c9835 alignfull uagb-is-root-container\"><div class=\"uagb-container-inner-blocks-wrap\">\n<div class=\"wp-block-uagb-call-to-action uagb-block-3a8cc94a wp-block-button\"><div class=\"uagb-cta__wrap\"><h2 class=\"uagb-cta__title\">Contactez nous<\/h2><p class=\"uagb-cta__desc\">En cours de pr\u00e9paration<\/p><\/div><div class=\"uagb-cta__buttons\"><a href=\"https:\/\/cosmoreiki.fr\/?page_id=100\" class=\"uagb-cta__button-link-wrapper wp-block-button__link\" target=\"_self\" rel=\"noopener noreferrer\">Cliquez ici<\/a><\/div><\/div>\n<\/div><\/div>\n","protected":false},"excerpt":{"rendered":"<p>Dans le Cosmo Salon, nous publierons des informations recommand\u00e9es sur le Reiki, des connaissances spirituelles et de la musique. Si vous \u00eates int\u00e9ress\u00e9, veuillez en profiter \u00e0 votre rythme.<\/p>\n","protected":false},"author":1,"featured_media":0,"parent":0,"menu_order":0,"comment_status":"closed","ping_status":"closed","template":"","meta":{"_uag_custom_page_level_css":"","site-sidebar-layout":"default","site-content-layout":"default","ast-global-header-display":"","ast-main-header-display":"","ast-hfb-above-header-display":"","ast-hfb-below-header-display":"","ast-hfb-mobile-header-display":"","site-post-title":"disabled","ast-breadcrumbs-content":"","ast-featured-img":"","footer-sml-layout":"","theme-transparent-header-meta":"","adv-header-id-meta":"","stick-header-meta":"","header-above-stick-meta":"","header-main-stick-meta":"","header-below-stick-meta":""},"yoast_head":"<!-- This site is optimized with the Yoast SEO plugin v20.3 - https:\/\/yoast.com\/wordpress\/plugins\/seo\/ -->\n<title>Cosmo salon - cosmoreiki.fr<\/title>\n<meta name=\"robots\" content=\"index, follow, max-snippet:-1, max-image-preview:large, max-video-preview:-1\" \/>\n<link rel=\"canonical\" href=\"https:\/\/cosmoreiki.fr\/?page_id=931\" \/>\n<meta property=\"og:locale\" content=\"fr_FR\" \/>\n<meta property=\"og:type\" content=\"article\" \/>\n<meta property=\"og:title\" content=\"Cosmo salon - cosmoreiki.fr\" \/>\n<meta property=\"og:description\" content=\"Dans le Cosmo Salon, nous publierons des informations recommand\u00e9es sur le Reiki, des connaissances spirituelles et de la musique. Si vous \u00eates int\u00e9ress\u00e9, veuillez en profiter \u00e0 votre rythme.\" \/>\n<meta property=\"og:url\" content=\"https:\/\/cosmoreiki.fr\/?page_id=931\" \/>\n<meta property=\"og:site_name\" content=\"cosmoreiki.fr\" \/>\n<meta property=\"article:modified_time\" content=\"2024-03-10T17:24:01+00:00\" \/>\n<meta property=\"og:image\" content=\"https:\/\/cosmoreiki.fr\/wp-content\/uploads\/2023\/06\/santemag-3.png\" \/>\n<meta name=\"twitter:card\" content=\"summary_large_image\" \/>\n<meta name=\"twitter:label1\" content=\"Dur\u00e9e de lecture estim\u00e9e\" \/>\n\t<meta name=\"twitter:data1\" content=\"2 minutes\" \/>\n<script type=\"application\/ld+json\" class=\"yoast-schema-graph\">{\"@context\":\"https:\/\/schema.org\",\"@graph\":[{\"@type\":\"WebPage\",\"@id\":\"https:\/\/cosmoreiki.fr\/?page_id=931\",\"url\":\"https:\/\/cosmoreiki.fr\/?page_id=931\",\"name\":\"Cosmo salon - cosmoreiki.fr\",\"isPartOf\":{\"@id\":\"https:\/\/cosmoreiki.fr\/#website\"},\"datePublished\":\"2023-03-01T23:16:53+00:00\",\"dateModified\":\"2024-03-10T17:24:01+00:00\",\"breadcrumb\":{\"@id\":\"https:\/\/cosmoreiki.fr\/?page_id=931#breadcrumb\"},\"inLanguage\":\"fr-FR\",\"potentialAction\":[{\"@type\":\"ReadAction\",\"target\":[\"https:\/\/cosmoreiki.fr\/?page_id=931\"]}]},{\"@type\":\"BreadcrumbList\",\"@id\":\"https:\/\/cosmoreiki.fr\/?page_id=931#breadcrumb\",\"itemListElement\":[{\"@type\":\"ListItem\",\"position\":1,\"name\":\"Accueil\",\"item\":\"https:\/\/cosmoreiki.fr\/\"},{\"@type\":\"ListItem\",\"position\":2,\"name\":\"Cosmo salon\"}]},{\"@type\":\"WebSite\",\"@id\":\"https:\/\/cosmoreiki.fr\/#website\",\"url\":\"https:\/\/cosmoreiki.fr\/\",\"name\":\"cosmoreiki.fr\",\"description\":\"\",\"publisher\":{\"@id\":\"https:\/\/cosmoreiki.fr\/#organization\"},\"potentialAction\":[{\"@type\":\"SearchAction\",\"target\":{\"@type\":\"EntryPoint\",\"urlTemplate\":\"https:\/\/cosmoreiki.fr\/?s={search_term_string}\"},\"query-input\":\"required name=search_term_string\"}],\"inLanguage\":\"fr-FR\"},{\"@type\":\"Organization\",\"@id\":\"https:\/\/cosmoreiki.fr\/#organization\",\"name\":\"Cosmo Reiki\",\"url\":\"https:\/\/cosmoreiki.fr\/\",\"logo\":{\"@type\":\"ImageObject\",\"inLanguage\":\"fr-FR\",\"@id\":\"https:\/\/cosmoreiki.fr\/#\/schema\/logo\/image\/\",\"url\":\"https:\/\/cosmoreiki.fr\/wp-content\/uploads\/2023\/03\/logo-cosmo-reiki-pour-blog-contour-blanc-grandi-rogne.png\",\"contentUrl\":\"https:\/\/cosmoreiki.fr\/wp-content\/uploads\/2023\/03\/logo-cosmo-reiki-pour-blog-contour-blanc-grandi-rogne.png\",\"width\":296,\"height\":266,\"caption\":\"Cosmo Reiki\"},\"image\":{\"@id\":\"https:\/\/cosmoreiki.fr\/#\/schema\/logo\/image\/\"}}]}<\/script>\n<!-- \/ Yoast SEO plugin. -->","yoast_head_json":{"title":"Cosmo salon - cosmoreiki.fr","robots":{"index":"index","follow":"follow","max-snippet":"max-snippet:-1","max-image-preview":"max-image-preview:large","max-video-preview":"max-video-preview:-1"},"canonical":"https:\/\/cosmoreiki.fr\/?page_id=931","og_locale":"fr_FR","og_type":"article","og_title":"Cosmo salon - cosmoreiki.fr","og_description":"Dans le Cosmo Salon, nous publierons des informations recommand\u00e9es sur le Reiki, des connaissances spirituelles et de la musique. Si vous \u00eates int\u00e9ress\u00e9, veuillez en profiter \u00e0 votre rythme.","og_url":"https:\/\/cosmoreiki.fr\/?page_id=931","og_site_name":"cosmoreiki.fr","article_modified_time":"2024-03-10T17:24:01+00:00","og_image":[{"url":"https:\/\/cosmoreiki.fr\/wp-content\/uploads\/2023\/06\/santemag-3.png"}],"twitter_card":"summary_large_image","twitter_misc":{"Dur\u00e9e de lecture estim\u00e9e":"2 minutes"},"schema":{"@context":"https:\/\/schema.org","@graph":[{"@type":"WebPage","@id":"https:\/\/cosmoreiki.fr\/?page_id=931","url":"https:\/\/cosmoreiki.fr\/?page_id=931","name":"Cosmo salon - cosmoreiki.fr","isPartOf":{"@id":"https:\/\/cosmoreiki.fr\/#website"},"datePublished":"2023-03-01T23:16:53+00:00","dateModified":"2024-03-10T17:24:01+00:00","breadcrumb":{"@id":"https:\/\/cosmoreiki.fr\/?page_id=931#breadcrumb"},"inLanguage":"fr-FR","potentialAction":[{"@type":"ReadAction","target":["https:\/\/cosmoreiki.fr\/?page_id=931"]}]},{"@type":"BreadcrumbList","@id":"https:\/\/cosmoreiki.fr\/?page_id=931#breadcrumb","itemListElement":[{"@type":"ListItem","position":1,"name":"Accueil","item":"https:\/\/cosmoreiki.fr\/"},{"@type":"ListItem","position":2,"name":"Cosmo salon"}]},{"@type":"WebSite","@id":"https:\/\/cosmoreiki.fr\/#website","url":"https:\/\/cosmoreiki.fr\/","name":"cosmoreiki.fr","description":"","publisher":{"@id":"https:\/\/cosmoreiki.fr\/#organization"},"potentialAction":[{"@type":"SearchAction","target":{"@type":"EntryPoint","urlTemplate":"https:\/\/cosmoreiki.fr\/?s={search_term_string}"},"query-input":"required name=search_term_string"}],"inLanguage":"fr-FR"},{"@type":"Organization","@id":"https:\/\/cosmoreiki.fr\/#organization","name":"Cosmo Reiki","url":"https:\/\/cosmoreiki.fr\/","logo":{"@type":"ImageObject","inLanguage":"fr-FR","@id":"https:\/\/cosmoreiki.fr\/#\/schema\/logo\/image\/","url":"https:\/\/cosmoreiki.fr\/wp-content\/uploads\/2023\/03\/logo-cosmo-reiki-pour-blog-contour-blanc-grandi-rogne.png","contentUrl":"https:\/\/cosmoreiki.fr\/wp-content\/uploads\/2023\/03\/logo-cosmo-reiki-pour-blog-contour-blanc-grandi-rogne.png","width":296,"height":266,"caption":"Cosmo Reiki"},"image":{"@id":"https:\/\/cosmoreiki.fr\/#\/schema\/logo\/image\/"}}]}},"uagb_featured_image_src":{"full":false,"thumbnail":false,"medium":false,"medium_large":false,"large":false,"1536x1536":false,"2048x2048":false},"uagb_author_info":{"display_name":"Sirius","author_link":"https:\/\/cosmoreiki.fr\/?author=1"},"uagb_comment_info":0,"uagb_excerpt":"Dans le Cosmo Salon, nous publierons des informations recommand\u00e9es sur le Reiki, des connaissances spirituelles et de la musique. Si vous \u00eates int\u00e9ress\u00e9, veuillez en profiter \u00e0 votre rythme.","_links":{"self":[{"href":"https:\/\/cosmoreiki.fr\/index.php?rest_route=\/wp\/v2\/pages\/931"}],"collection":[{"href":"https:\/\/cosmoreiki.fr\/index.php?rest_route=\/wp\/v2\/pages"}],"about":[{"href":"https:\/\/cosmoreiki.fr\/index.php?rest_route=\/wp\/v2\/types\/page"}],"author":[{"embeddable":true,"href":"https:\/\/cosmoreiki.fr\/index.php?rest_route=\/wp\/v2\/users\/1"}],"replies":[{"embeddable":true,"href":"https:\/\/cosmoreiki.fr\/index.php?rest_route=%2Fwp%2Fv2%2Fcomments&post=931"}],"version-history":[{"count":26,"href":"https:\/\/cosmoreiki.fr\/index.php?rest_route=\/wp\/v2\/pages\/931\/revisions"}],"predecessor-version":[{"id":1450,"href":"https:\/\/cosmoreiki.fr\/index.php?rest_route=\/wp\/v2\/pages\/931\/revisions\/1450"}],"wp:attachment":[{"href":"https:\/\/cosmoreiki.fr\/index.php?rest_route=%2Fwp%2Fv2%2Fmedia&parent=931"}],"curies":[{"name":"wp","href":"https:\/\/api.w.org\/{rel}","templated":true}]}}