{"id":78,"date":"2022-10-17T07:03:13","date_gmt":"2022-10-17T07:03:13","guid":{"rendered":"https:\/\/cosmoreiki.fr\/?page_id=78"},"modified":"2023-03-15T00:24:04","modified_gmt":"2023-03-15T00:24:04","slug":"home","status":"publish","type":"page","link":"https:\/\/cosmoreiki.fr\/","title":{"rendered":"Home"},"content":{"rendered":"\n<div class=\"wp-block-uagb-container uagb-block-f9d836b3 alignfull uagb-is-root-container\"><div class=\"uagb-container-inner-blocks-wrap\">\n<div class=\"wp-block-uagb-advanced-heading uagb-block-bc190154\"><h1 class=\"uagb-heading-text\">cosmo<br> <\/h1><\/div>\n\n\n\n<div class=\"wp-block-uagb-info-box uagb-block-ce601556 uagb-infobox__content-wrap  uagb-infobox-icon-above-title uagb-infobox-image-valign-top\"><div class=\"uagb-ifb-content\"><div class=\"uagb-ifb-title-wrap\"><h2 class=\"uagb-ifb-title\">REIKI\u200b<\/h2><\/div><p class=\"uagb-ifb-desc\">Qu&rsquo;est-ce que le Reiki&nbsp; ?<br><\/p><\/div><\/div>\n\n\n\n<p><mark style=\"background-color:rgba(0, 0, 0, 0)\" class=\"has-inline-color has-ast-global-color-5-color\">Le Reiki est une th\u00e9rapie \u00e9nerg\u00e9tique originaire du Japon. C&rsquo;est une m\u00e9thode de gu\u00e9rison dans laquelle un praticien, qui a re\u00e7u de l&rsquo;\u00e9nergie cosmique (Reiki) et a suivi une formation approfondie, pose sa main sur la zone affect\u00e9e du patient et y fait circuler l&rsquo;\u00e9nergie cosmique (Reiki) tout en l\u2019amplifiant. Comme il n&rsquo;y a aucune base scientifique \u00e0 cette th\u00e9rapie, elle est consid\u00e9r\u00e9e comme un traitements param\u00e9dical.<\/mark><\/p>\n\n\n\n<p><mark style=\"background-color:rgba(0, 0, 0, 0)\" class=\"has-inline-color has-ast-global-color-5-color\">Chez Cosmo Reiki, nous voudrions donner \u00e0 chacun un petit aper\u00e7u de ce qu&rsquo;est le Reiki. Nous aimerions mettre \u00e0 profit ce blog pour\u00a0:<\/mark><\/p>\n\n\n\n<ul style=\"color: #ffffff;\">\n<li>vous enseigner ce qu\u2019est le Reiki, afin que vous puissiez l\u2019utiliser pour vous am\u00e9liorer physiquement et mentalement et pour am\u00e9liorer votre vie.<\/li>\n<li>publier nos r\u00e9flexions sur la culture japonaise.<\/li>\n<\/ul>\n\n\n\n<p><mark style=\"background-color:rgba(0, 0, 0, 0)\" class=\"has-inline-color has-ast-global-color-5-color\">Si vous \u00eates int\u00e9ress\u00e9 pour apprendre l&rsquo;histoire et l&rsquo;\u00e9tat d&rsquo;esprit du Reiki\u2026..<\/mark><br><br><\/p>\n\n\n\n<div class=\"wp-block-uagb-info-box uagb-block-dcfd5432 uagb-infobox__content-wrap  uagb-infobox-icon-above-title uagb-infobox-image-valign-top\"><div class=\"uagb-ifb-content\"><div class=\"uagb-ifb-title-wrap\"><\/div><div class=\"uagb-ifb-button-wrapper wp-block-button\"><a href=\"https:\/\/cosmoreiki.fr\/?page_id=107\" class=\"uagb-infobox-cta-link wp-block-button__link\" target=\"_self\" rel=\"noopener noreferrer\" alt=\"\"><span class=\"uagb-inline-editing\">C&rsquo;est parti !<\/span><\/a><\/div><\/div><\/div>\n\n\n\n<p><br><\/p>\n<\/div><\/div>\n\n\n\n<div class=\"wp-block-uagb-container uagb-block-c293d894 alignfull uagb-is-root-container\"><div class=\"uagb-container-inner-blocks-wrap\">\n<div class=\"wp-block-uagb-container uagb-block-6e4886f4\">\n<div class=\"wp-block-uagb-info-box uagb-block-fc338af1 uagb-infobox__content-wrap  uagb-infobox-icon-above-title uagb-infobox-image-valign-top\"><div class=\"uagb-ifb-content\"><div class=\"uagb-ifb-image-content\"><img decoding=\"async\" src=\"http:\/\/cosmoreiki.fr\/wp-content\/uploads\/2023\/03\/Page3--300x300.jpg\" alt=\"\" width=\"100\" height=\"100\" loading=\"lazy\"\/><\/div><div class=\"uagb-ifb-title-wrap\"><h4 class=\"uagb-ifb-title\"><a href=\"https:\/\/cosmoreiki.fr\/?page_id=987\"><mark style=\"background-color:rgba(0, 0, 0, 0)\" class=\"has-inline-color has-ast-global-color-8-color\">\u2605 Cosmo Reiki<\/mark><\/a><\/h4><\/div><p class=\"uagb-ifb-desc\">Connectez-vous avec l&rsquo;univers \u00e0 travers les mains. Le Reiki bas\u00e9 sur la tradition japonaise (Jikiden Reiki) s\u2019offre \u00e0 vous.<br><br><br><br><\/p><\/div><\/div>\n<\/div>\n\n\n\n<div class=\"wp-block-uagb-container uagb-block-a921b68b\">\n<div class=\"wp-block-uagb-info-box uagb-block-5476cfd3 uagb-infobox__content-wrap  uagb-infobox-icon-above-title uagb-infobox-image-valign-top\"><div class=\"uagb-ifb-content\"><div class=\"uagb-ifb-image-content\"><img decoding=\"async\" src=\"http:\/\/cosmoreiki.fr\/wp-content\/uploads\/2023\/03\/1-20220825_125703-min-300x300.jpg\" alt=\"\" width=\"100\" height=\"100\" loading=\"lazy\"\/><\/div><div class=\"uagb-ifb-title-wrap\"><h4 class=\"uagb-ifb-title\"><a href=\"https:\/\/cosmoreiki.fr\/?p=1\"><mark style=\"background-color:rgba(0, 0, 0, 0)\" class=\"has-inline-color has-ast-global-color-8-color\">\u2605 <strong>Blog \/ Reiki<\/strong><\/mark><\/a><\/h4><\/div><p class=\"uagb-ifb-desc\">Pr\u00e9parez-vous \u00e0 un sentiment d&rsquo;\u00e9merveillement vis-\u00e0-vis de l\u2019Histoire lointaine et visitez le temple Kurama, un lieu associ\u00e9 au Reiki.<br><br><br><\/p><\/div><\/div>\n<\/div>\n\n\n\n<div class=\"wp-block-uagb-container uagb-block-58c377a9\">\n<div class=\"wp-block-uagb-info-box uagb-block-18478cc1 uagb-infobox__content-wrap  uagb-infobox-icon-above-title uagb-infobox-image-valign-top\"><div class=\"uagb-ifb-content\"><div class=\"uagb-ifb-image-content\"><img decoding=\"async\" src=\"http:\/\/cosmoreiki.fr\/wp-content\/uploads\/2023\/03\/256px-Hokusai_Dragon.jpg\" alt=\"\" width=\"100\" height=\"100\" loading=\"lazy\"\/><\/div><div class=\"uagb-ifb-title-wrap\"><h4 class=\"uagb-ifb-title\"><a href=\"https:\/\/cosmoreiki.fr\/?p=951\"><mark style=\"background-color:rgba(0, 0, 0, 0)\" class=\"has-inline-color has-ast-global-color-8-color\">\u2605 <strong>Blog \/ Ma Pens\u00e9e<\/strong><\/mark><\/a><\/h4><\/div><p class=\"uagb-ifb-desc\">Poursuivez le dragon l\u00e9gendaire&nbsp;! D\u00e9couvrez un dragon flottant dans le ciel !<br><br><br><br><br><\/p><\/div><\/div>\n<\/div>\n<\/div><\/div>\n\n\n\n<div class=\"wp-block-uagb-container uagb-block-748c9835 alignfull uagb-is-root-container\"><div class=\"uagb-container-inner-blocks-wrap\">\n<div class=\"wp-block-uagb-call-to-action uagb-block-3a8cc94a wp-block-button\"><div class=\"uagb-cta__wrap\"><h2 class=\"uagb-cta__title\">Contactez nous<\/h2><p class=\"uagb-cta__desc\">En cours de pr\u00e9paration<\/p><\/div><div class=\"uagb-cta__buttons\"><a href=\"https:\/\/cosmoreiki.fr\/?page_id=100\" class=\"uagb-cta__button-link-wrapper wp-block-button__link\" target=\"_self\" rel=\"noopener noreferrer\">Cliquez ici<\/a><\/div><\/div>\n<\/div><\/div>\n","protected":false},"excerpt":{"rendered":"","protected":false},"author":1,"featured_media":0,"parent":0,"menu_order":0,"comment_status":"closed","ping_status":"closed","template":"","meta":{"_uag_custom_page_level_css":"","site-sidebar-layout":"default","site-content-layout":"page-builder","ast-global-header-display":"","ast-main-header-display":"","ast-hfb-above-header-display":"","ast-hfb-below-header-display":"","ast-hfb-mobile-header-display":"","site-post-title":"disabled","ast-breadcrumbs-content":"","ast-featured-img":"","footer-sml-layout":"","theme-transparent-header-meta":"enabled","adv-header-id-meta":"","stick-header-meta":"","header-above-stick-meta":"","header-main-stick-meta":"","header-below-stick-meta":""},"yoast_head":"<!-- This site is optimized with the Yoast SEO plugin v20.3 - https:\/\/yoast.com\/wordpress\/plugins\/seo\/ -->\n<title>Home - cosmoreiki.fr<\/title>\n<meta name=\"description\" content=\"Qu&#039;est-ce que le Reiki ? Le Reiki est une th\u00e9rapie \u00e9nerg\u00e9tique originaire du Japon. C&#039;est une m\u00e9thode de gu\u00e9rison dans laquelle un praticien, qui a re\u00e7u de l&#039;\u00e9nergie cosmique (Reiki), pose sa main sur la zone affect\u00e9e du patient et y fait circuler cette \u00e9nergie tout en l\u2019amplifiant. Cosmo Reiki promeut le Jikiden Reiki de tradition japonaise.\" \/>\n<meta name=\"robots\" content=\"index, follow, max-snippet:-1, max-image-preview:large, max-video-preview:-1\" \/>\n<link rel=\"canonical\" href=\"https:\/\/cosmoreiki.fr\/\" \/>\n<meta property=\"og:locale\" content=\"fr_FR\" \/>\n<meta property=\"og:type\" content=\"article\" \/>\n<meta property=\"og:title\" content=\"Home - cosmoreiki.fr\" \/>\n<meta property=\"og:description\" content=\"Qu&#039;est-ce que le Reiki ? Le Reiki est une th\u00e9rapie \u00e9nerg\u00e9tique originaire du Japon. C&#039;est une m\u00e9thode de gu\u00e9rison dans laquelle un praticien, qui a re\u00e7u de l&#039;\u00e9nergie cosmique (Reiki), pose sa main sur la zone affect\u00e9e du patient et y fait circuler cette \u00e9nergie tout en l\u2019amplifiant. Cosmo Reiki promeut le Jikiden Reiki de tradition japonaise.\" \/>\n<meta property=\"og:url\" content=\"https:\/\/cosmoreiki.fr\/\" \/>\n<meta property=\"og:site_name\" content=\"cosmoreiki.fr\" \/>\n<meta property=\"article:modified_time\" content=\"2023-03-15T00:24:04+00:00\" \/>\n<meta property=\"og:image\" content=\"http:\/\/cosmoreiki.fr\/wp-content\/uploads\/2023\/03\/Page3--300x300.jpg\" \/>\n<meta name=\"twitter:card\" content=\"summary_large_image\" \/>\n<meta name=\"twitter:label1\" content=\"Dur\u00e9e de lecture estim\u00e9e\" \/>\n\t<meta name=\"twitter:data1\" content=\"2 minutes\" \/>\n<script type=\"application\/ld+json\" class=\"yoast-schema-graph\">{\"@context\":\"https:\/\/schema.org\",\"@graph\":[{\"@type\":\"WebPage\",\"@id\":\"https:\/\/cosmoreiki.fr\/\",\"url\":\"https:\/\/cosmoreiki.fr\/\",\"name\":\"Home - cosmoreiki.fr\",\"isPartOf\":{\"@id\":\"https:\/\/cosmoreiki.fr\/#website\"},\"datePublished\":\"2022-10-17T07:03:13+00:00\",\"dateModified\":\"2023-03-15T00:24:04+00:00\",\"description\":\"Qu'est-ce que le Reiki ? Le Reiki est une th\u00e9rapie \u00e9nerg\u00e9tique originaire du Japon. C'est une m\u00e9thode de gu\u00e9rison dans laquelle un praticien, qui a re\u00e7u de l'\u00e9nergie cosmique (Reiki), pose sa main sur la zone affect\u00e9e du patient et y fait circuler cette \u00e9nergie tout en l\u2019amplifiant. Cosmo Reiki promeut le Jikiden Reiki de tradition japonaise.\",\"breadcrumb\":{\"@id\":\"https:\/\/cosmoreiki.fr\/#breadcrumb\"},\"inLanguage\":\"fr-FR\",\"potentialAction\":[{\"@type\":\"ReadAction\",\"target\":[\"https:\/\/cosmoreiki.fr\/\"]}]},{\"@type\":\"BreadcrumbList\",\"@id\":\"https:\/\/cosmoreiki.fr\/#breadcrumb\",\"itemListElement\":[{\"@type\":\"ListItem\",\"position\":1,\"name\":\"Accueil\",\"item\":\"https:\/\/cosmoreiki.fr\/\"},{\"@type\":\"ListItem\",\"position\":2,\"name\":\"Home\"}]},{\"@type\":\"WebSite\",\"@id\":\"https:\/\/cosmoreiki.fr\/#website\",\"url\":\"https:\/\/cosmoreiki.fr\/\",\"name\":\"cosmoreiki.fr\",\"description\":\"\",\"publisher\":{\"@id\":\"https:\/\/cosmoreiki.fr\/#organization\"},\"potentialAction\":[{\"@type\":\"SearchAction\",\"target\":{\"@type\":\"EntryPoint\",\"urlTemplate\":\"https:\/\/cosmoreiki.fr\/?s={search_term_string}\"},\"query-input\":\"required name=search_term_string\"}],\"inLanguage\":\"fr-FR\"},{\"@type\":\"Organization\",\"@id\":\"https:\/\/cosmoreiki.fr\/#organization\",\"name\":\"Cosmo Reiki\",\"url\":\"https:\/\/cosmoreiki.fr\/\",\"logo\":{\"@type\":\"ImageObject\",\"inLanguage\":\"fr-FR\",\"@id\":\"https:\/\/cosmoreiki.fr\/#\/schema\/logo\/image\/\",\"url\":\"https:\/\/cosmoreiki.fr\/wp-content\/uploads\/2023\/03\/logo-cosmo-reiki-pour-blog-contour-blanc-grandi-rogne.png\",\"contentUrl\":\"https:\/\/cosmoreiki.fr\/wp-content\/uploads\/2023\/03\/logo-cosmo-reiki-pour-blog-contour-blanc-grandi-rogne.png\",\"width\":296,\"height\":266,\"caption\":\"Cosmo Reiki\"},\"image\":{\"@id\":\"https:\/\/cosmoreiki.fr\/#\/schema\/logo\/image\/\"}}]}<\/script>\n<!-- \/ Yoast SEO plugin. -->","yoast_head_json":{"title":"Home - cosmoreiki.fr","description":"Qu'est-ce que le Reiki ? Le Reiki est une th\u00e9rapie \u00e9nerg\u00e9tique originaire du Japon. C'est une m\u00e9thode de gu\u00e9rison dans laquelle un praticien, qui a re\u00e7u de l'\u00e9nergie cosmique (Reiki), pose sa main sur la zone affect\u00e9e du patient et y fait circuler cette \u00e9nergie tout en l\u2019amplifiant. Cosmo Reiki promeut le Jikiden Reiki de tradition japonaise.","robots":{"index":"index","follow":"follow","max-snippet":"max-snippet:-1","max-image-preview":"max-image-preview:large","max-video-preview":"max-video-preview:-1"},"canonical":"https:\/\/cosmoreiki.fr\/","og_locale":"fr_FR","og_type":"article","og_title":"Home - cosmoreiki.fr","og_description":"Qu'est-ce que le Reiki ? Le Reiki est une th\u00e9rapie \u00e9nerg\u00e9tique originaire du Japon. C'est une m\u00e9thode de gu\u00e9rison dans laquelle un praticien, qui a re\u00e7u de l'\u00e9nergie cosmique (Reiki), pose sa main sur la zone affect\u00e9e du patient et y fait circuler cette \u00e9nergie tout en l\u2019amplifiant. Cosmo Reiki promeut le Jikiden Reiki de tradition japonaise.","og_url":"https:\/\/cosmoreiki.fr\/","og_site_name":"cosmoreiki.fr","article_modified_time":"2023-03-15T00:24:04+00:00","og_image":[{"url":"http:\/\/cosmoreiki.fr\/wp-content\/uploads\/2023\/03\/Page3--300x300.jpg"}],"twitter_card":"summary_large_image","twitter_misc":{"Dur\u00e9e de lecture estim\u00e9e":"2 minutes"},"schema":{"@context":"https:\/\/schema.org","@graph":[{"@type":"WebPage","@id":"https:\/\/cosmoreiki.fr\/","url":"https:\/\/cosmoreiki.fr\/","name":"Home - cosmoreiki.fr","isPartOf":{"@id":"https:\/\/cosmoreiki.fr\/#website"},"datePublished":"2022-10-17T07:03:13+00:00","dateModified":"2023-03-15T00:24:04+00:00","description":"Qu'est-ce que le Reiki ? Le Reiki est une th\u00e9rapie \u00e9nerg\u00e9tique originaire du Japon. C'est une m\u00e9thode de gu\u00e9rison dans laquelle un praticien, qui a re\u00e7u de l'\u00e9nergie cosmique (Reiki), pose sa main sur la zone affect\u00e9e du patient et y fait circuler cette \u00e9nergie tout en l\u2019amplifiant. Cosmo Reiki promeut le Jikiden Reiki de tradition japonaise.","breadcrumb":{"@id":"https:\/\/cosmoreiki.fr\/#breadcrumb"},"inLanguage":"fr-FR","potentialAction":[{"@type":"ReadAction","target":["https:\/\/cosmoreiki.fr\/"]}]},{"@type":"BreadcrumbList","@id":"https:\/\/cosmoreiki.fr\/#breadcrumb","itemListElement":[{"@type":"ListItem","position":1,"name":"Accueil","item":"https:\/\/cosmoreiki.fr\/"},{"@type":"ListItem","position":2,"name":"Home"}]},{"@type":"WebSite","@id":"https:\/\/cosmoreiki.fr\/#website","url":"https:\/\/cosmoreiki.fr\/","name":"cosmoreiki.fr","description":"","publisher":{"@id":"https:\/\/cosmoreiki.fr\/#organization"},"potentialAction":[{"@type":"SearchAction","target":{"@type":"EntryPoint","urlTemplate":"https:\/\/cosmoreiki.fr\/?s={search_term_string}"},"query-input":"required name=search_term_string"}],"inLanguage":"fr-FR"},{"@type":"Organization","@id":"https:\/\/cosmoreiki.fr\/#organization","name":"Cosmo Reiki","url":"https:\/\/cosmoreiki.fr\/","logo":{"@type":"ImageObject","inLanguage":"fr-FR","@id":"https:\/\/cosmoreiki.fr\/#\/schema\/logo\/image\/","url":"https:\/\/cosmoreiki.fr\/wp-content\/uploads\/2023\/03\/logo-cosmo-reiki-pour-blog-contour-blanc-grandi-rogne.png","contentUrl":"https:\/\/cosmoreiki.fr\/wp-content\/uploads\/2023\/03\/logo-cosmo-reiki-pour-blog-contour-blanc-grandi-rogne.png","width":296,"height":266,"caption":"Cosmo Reiki"},"image":{"@id":"https:\/\/cosmoreiki.fr\/#\/schema\/logo\/image\/"}}]}},"uagb_featured_image_src":{"full":false,"thumbnail":false,"medium":false,"medium_large":false,"large":false,"1536x1536":false,"2048x2048":false},"uagb_author_info":{"display_name":"Sirius","author_link":"https:\/\/cosmoreiki.fr\/?author=1"},"uagb_comment_info":0,"uagb_excerpt":null,"_links":{"self":[{"href":"https:\/\/cosmoreiki.fr\/index.php?rest_route=\/wp\/v2\/pages\/78"}],"collection":[{"href":"https:\/\/cosmoreiki.fr\/index.php?rest_route=\/wp\/v2\/pages"}],"about":[{"href":"https:\/\/cosmoreiki.fr\/index.php?rest_route=\/wp\/v2\/types\/page"}],"author":[{"embeddable":true,"href":"https:\/\/cosmoreiki.fr\/index.php?rest_route=\/wp\/v2\/users\/1"}],"replies":[{"embeddable":true,"href":"https:\/\/cosmoreiki.fr\/index.php?rest_route=%2Fwp%2Fv2%2Fcomments&post=78"}],"version-history":[{"count":27,"href":"https:\/\/cosmoreiki.fr\/index.php?rest_route=\/wp\/v2\/pages\/78\/revisions"}],"predecessor-version":[{"id":1126,"href":"https:\/\/cosmoreiki.fr\/index.php?rest_route=\/wp\/v2\/pages\/78\/revisions\/1126"}],"wp:attachment":[{"href":"https:\/\/cosmoreiki.fr\/index.php?rest_route=%2Fwp%2Fv2%2Fmedia&parent=78"}],"curies":[{"name":"wp","href":"https:\/\/api.w.org\/{rel}","templated":true}]}}