{"id":77,"date":"2022-10-17T07:03:13","date_gmt":"2022-10-17T07:03:13","guid":{"rendered":"https:\/\/cosmoreiki.fr\/?page_id=77"},"modified":"2023-03-07T00:58:43","modified_gmt":"2023-03-07T00:58:43","slug":"services","status":"publish","type":"page","link":"https:\/\/cosmoreiki.fr\/?page_id=77","title":{"rendered":"R\u00e9servations"},"content":{"rendered":"\n<div class=\"wp-block-uagb-container uagb-block-3427dfad alignfull uagb-is-root-container\"><div class=\"uagb-container-inner-blocks-wrap\">\n<div class=\"wp-block-uagb-advanced-heading uagb-block-0a38d937\"><h1 class=\"uagb-heading-text\"><br>R\u00e9servations<\/h1><\/div>\n<\/div><\/div>\n\n\n\n<p><br><br><br><br><br>Nous ne prodiguons actuellement aucun traitement.<br>Pr\u00e9paration \u00e0 la campagne d&rsquo;essai gratuit de traitement \u00e0 distance et au traitement en salon<br><br><br><br><br><\/p>\n\n\n\n<div class=\"wp-block-uagb-container uagb-block-748c9835 alignfull uagb-is-root-container\"><div class=\"uagb-container-inner-blocks-wrap\">\n<div class=\"wp-block-uagb-call-to-action uagb-block-3a8cc94a wp-block-button\"><div class=\"uagb-cta__wrap\"><h2 class=\"uagb-cta__title\">Contactez nous<\/h2><p class=\"uagb-cta__desc\">En cours de pr\u00e9paration<\/p><\/div><div class=\"uagb-cta__buttons\"><a href=\"https:\/\/cosmoreiki.fr\/?page_id=100\" class=\"uagb-cta__button-link-wrapper wp-block-button__link\" target=\"_self\" rel=\"noopener noreferrer\">Cliquez ici<\/a><\/div><\/div>\n<\/div><\/div>\n","protected":false},"excerpt":{"rendered":"<p>Nous ne prodiguons actuellement aucun traitement.Pr\u00e9paration \u00e0 la campagne d&rsquo;essai gratuit de traitement \u00e0 distance et au traitement en salon<\/p>\n","protected":false},"author":1,"featured_media":0,"parent":0,"menu_order":0,"comment_status":"closed","ping_status":"closed","template":"","meta":{"_uag_custom_page_level_css":"","site-sidebar-layout":"default","site-content-layout":"default","ast-global-header-display":"","ast-main-header-display":"","ast-hfb-above-header-display":"","ast-hfb-below-header-display":"","ast-hfb-mobile-header-display":"","site-post-title":"disabled","ast-breadcrumbs-content":"","ast-featured-img":"","footer-sml-layout":"","theme-transparent-header-meta":"enabled","adv-header-id-meta":"","stick-header-meta":"","header-above-stick-meta":"","header-main-stick-meta":"","header-below-stick-meta":""},"yoast_head":"<!-- This site is optimized with the Yoast SEO plugin v20.3 - https:\/\/yoast.com\/wordpress\/plugins\/seo\/ -->\n<title>R\u00e9servations - cosmoreiki.fr<\/title>\n<meta name=\"robots\" content=\"index, follow, max-snippet:-1, max-image-preview:large, max-video-preview:-1\" \/>\n<link rel=\"canonical\" href=\"https:\/\/cosmoreiki.fr\/?page_id=77\" \/>\n<meta property=\"og:locale\" content=\"fr_FR\" \/>\n<meta property=\"og:type\" content=\"article\" \/>\n<meta property=\"og:title\" content=\"R\u00e9servations - cosmoreiki.fr\" \/>\n<meta property=\"og:description\" content=\"Nous ne prodiguons actuellement aucun traitement.Pr\u00e9paration \u00e0 la campagne d&rsquo;essai gratuit de traitement \u00e0 distance et au traitement en salon\" \/>\n<meta property=\"og:url\" content=\"https:\/\/cosmoreiki.fr\/?page_id=77\" \/>\n<meta property=\"og:site_name\" content=\"cosmoreiki.fr\" \/>\n<meta property=\"article:modified_time\" content=\"2023-03-07T00:58:43+00:00\" \/>\n<meta name=\"twitter:card\" content=\"summary_large_image\" \/>\n<meta name=\"twitter:label1\" content=\"Dur\u00e9e de lecture estim\u00e9e\" \/>\n\t<meta name=\"twitter:data1\" content=\"2 minutes\" \/>\n<script type=\"application\/ld+json\" class=\"yoast-schema-graph\">{\"@context\":\"https:\/\/schema.org\",\"@graph\":[{\"@type\":\"WebPage\",\"@id\":\"https:\/\/cosmoreiki.fr\/?page_id=77\",\"url\":\"https:\/\/cosmoreiki.fr\/?page_id=77\",\"name\":\"R\u00e9servations - cosmoreiki.fr\",\"isPartOf\":{\"@id\":\"https:\/\/cosmoreiki.fr\/#website\"},\"datePublished\":\"2022-10-17T07:03:13+00:00\",\"dateModified\":\"2023-03-07T00:58:43+00:00\",\"breadcrumb\":{\"@id\":\"https:\/\/cosmoreiki.fr\/?page_id=77#breadcrumb\"},\"inLanguage\":\"fr-FR\",\"potentialAction\":[{\"@type\":\"ReadAction\",\"target\":[\"https:\/\/cosmoreiki.fr\/?page_id=77\"]}]},{\"@type\":\"BreadcrumbList\",\"@id\":\"https:\/\/cosmoreiki.fr\/?page_id=77#breadcrumb\",\"itemListElement\":[{\"@type\":\"ListItem\",\"position\":1,\"name\":\"Accueil\",\"item\":\"https:\/\/cosmoreiki.fr\/\"},{\"@type\":\"ListItem\",\"position\":2,\"name\":\"R\u00e9servations\"}]},{\"@type\":\"WebSite\",\"@id\":\"https:\/\/cosmoreiki.fr\/#website\",\"url\":\"https:\/\/cosmoreiki.fr\/\",\"name\":\"cosmoreiki.fr\",\"description\":\"\",\"publisher\":{\"@id\":\"https:\/\/cosmoreiki.fr\/#organization\"},\"potentialAction\":[{\"@type\":\"SearchAction\",\"target\":{\"@type\":\"EntryPoint\",\"urlTemplate\":\"https:\/\/cosmoreiki.fr\/?s={search_term_string}\"},\"query-input\":\"required name=search_term_string\"}],\"inLanguage\":\"fr-FR\"},{\"@type\":\"Organization\",\"@id\":\"https:\/\/cosmoreiki.fr\/#organization\",\"name\":\"Cosmo Reiki\",\"url\":\"https:\/\/cosmoreiki.fr\/\",\"logo\":{\"@type\":\"ImageObject\",\"inLanguage\":\"fr-FR\",\"@id\":\"https:\/\/cosmoreiki.fr\/#\/schema\/logo\/image\/\",\"url\":\"https:\/\/cosmoreiki.fr\/wp-content\/uploads\/2023\/03\/logo-cosmo-reiki-pour-blog-contour-blanc-grandi-rogne.png\",\"contentUrl\":\"https:\/\/cosmoreiki.fr\/wp-content\/uploads\/2023\/03\/logo-cosmo-reiki-pour-blog-contour-blanc-grandi-rogne.png\",\"width\":296,\"height\":266,\"caption\":\"Cosmo Reiki\"},\"image\":{\"@id\":\"https:\/\/cosmoreiki.fr\/#\/schema\/logo\/image\/\"}}]}<\/script>\n<!-- \/ Yoast SEO plugin. -->","yoast_head_json":{"title":"R\u00e9servations - cosmoreiki.fr","robots":{"index":"index","follow":"follow","max-snippet":"max-snippet:-1","max-image-preview":"max-image-preview:large","max-video-preview":"max-video-preview:-1"},"canonical":"https:\/\/cosmoreiki.fr\/?page_id=77","og_locale":"fr_FR","og_type":"article","og_title":"R\u00e9servations - cosmoreiki.fr","og_description":"Nous ne prodiguons actuellement aucun traitement.Pr\u00e9paration \u00e0 la campagne d&rsquo;essai gratuit de traitement \u00e0 distance et au traitement en salon","og_url":"https:\/\/cosmoreiki.fr\/?page_id=77","og_site_name":"cosmoreiki.fr","article_modified_time":"2023-03-07T00:58:43+00:00","twitter_card":"summary_large_image","twitter_misc":{"Dur\u00e9e de lecture estim\u00e9e":"2 minutes"},"schema":{"@context":"https:\/\/schema.org","@graph":[{"@type":"WebPage","@id":"https:\/\/cosmoreiki.fr\/?page_id=77","url":"https:\/\/cosmoreiki.fr\/?page_id=77","name":"R\u00e9servations - cosmoreiki.fr","isPartOf":{"@id":"https:\/\/cosmoreiki.fr\/#website"},"datePublished":"2022-10-17T07:03:13+00:00","dateModified":"2023-03-07T00:58:43+00:00","breadcrumb":{"@id":"https:\/\/cosmoreiki.fr\/?page_id=77#breadcrumb"},"inLanguage":"fr-FR","potentialAction":[{"@type":"ReadAction","target":["https:\/\/cosmoreiki.fr\/?page_id=77"]}]},{"@type":"BreadcrumbList","@id":"https:\/\/cosmoreiki.fr\/?page_id=77#breadcrumb","itemListElement":[{"@type":"ListItem","position":1,"name":"Accueil","item":"https:\/\/cosmoreiki.fr\/"},{"@type":"ListItem","position":2,"name":"R\u00e9servations"}]},{"@type":"WebSite","@id":"https:\/\/cosmoreiki.fr\/#website","url":"https:\/\/cosmoreiki.fr\/","name":"cosmoreiki.fr","description":"","publisher":{"@id":"https:\/\/cosmoreiki.fr\/#organization"},"potentialAction":[{"@type":"SearchAction","target":{"@type":"EntryPoint","urlTemplate":"https:\/\/cosmoreiki.fr\/?s={search_term_string}"},"query-input":"required name=search_term_string"}],"inLanguage":"fr-FR"},{"@type":"Organization","@id":"https:\/\/cosmoreiki.fr\/#organization","name":"Cosmo Reiki","url":"https:\/\/cosmoreiki.fr\/","logo":{"@type":"ImageObject","inLanguage":"fr-FR","@id":"https:\/\/cosmoreiki.fr\/#\/schema\/logo\/image\/","url":"https:\/\/cosmoreiki.fr\/wp-content\/uploads\/2023\/03\/logo-cosmo-reiki-pour-blog-contour-blanc-grandi-rogne.png","contentUrl":"https:\/\/cosmoreiki.fr\/wp-content\/uploads\/2023\/03\/logo-cosmo-reiki-pour-blog-contour-blanc-grandi-rogne.png","width":296,"height":266,"caption":"Cosmo Reiki"},"image":{"@id":"https:\/\/cosmoreiki.fr\/#\/schema\/logo\/image\/"}}]}},"uagb_featured_image_src":{"full":false,"thumbnail":false,"medium":false,"medium_large":false,"large":false,"1536x1536":false,"2048x2048":false},"uagb_author_info":{"display_name":"Sirius","author_link":"https:\/\/cosmoreiki.fr\/?author=1"},"uagb_comment_info":0,"uagb_excerpt":"Nous ne prodiguons actuellement aucun traitement.Pr\u00e9paration \u00e0 la campagne d&rsquo;essai gratuit de traitement \u00e0 distance et au traitement en salon","_links":{"self":[{"href":"https:\/\/cosmoreiki.fr\/index.php?rest_route=\/wp\/v2\/pages\/77"}],"collection":[{"href":"https:\/\/cosmoreiki.fr\/index.php?rest_route=\/wp\/v2\/pages"}],"about":[{"href":"https:\/\/cosmoreiki.fr\/index.php?rest_route=\/wp\/v2\/types\/page"}],"author":[{"embeddable":true,"href":"https:\/\/cosmoreiki.fr\/index.php?rest_route=\/wp\/v2\/users\/1"}],"replies":[{"embeddable":true,"href":"https:\/\/cosmoreiki.fr\/index.php?rest_route=%2Fwp%2Fv2%2Fcomments&post=77"}],"version-history":[{"count":6,"href":"https:\/\/cosmoreiki.fr\/index.php?rest_route=\/wp\/v2\/pages\/77\/revisions"}],"predecessor-version":[{"id":1114,"href":"https:\/\/cosmoreiki.fr\/index.php?rest_route=\/wp\/v2\/pages\/77\/revisions\/1114"}],"wp:attachment":[{"href":"https:\/\/cosmoreiki.fr\/index.php?rest_route=%2Fwp%2Fv2%2Fmedia&parent=77"}],"curies":[{"name":"wp","href":"https:\/\/api.w.org\/{rel}","templated":true}]}}