{"id":107,"date":"2022-10-17T07:27:30","date_gmt":"2022-10-17T07:27:30","guid":{"rendered":"https:\/\/cosmoreiki.fr\/?page_id=107"},"modified":"2023-03-07T01:09:28","modified_gmt":"2023-03-07T01:09:28","slug":"about","status":"publish","type":"page","link":"https:\/\/cosmoreiki.fr\/?page_id=107","title":{"rendered":"A propos du Reiki"},"content":{"rendered":"\n<div class=\"wp-block-uagb-container uagb-block-ba0d237f alignfull uagb-is-root-container\"><div class=\"uagb-container-inner-blocks-wrap\">\n<div class=\"wp-block-uagb-advanced-heading uagb-block-f3309b5d\"><h1 class=\"uagb-heading-text\"><br>A propos du Reiki<\/h1><\/div>\n<\/div><\/div>\n\n\n\n<p> <br><\/p>\n\n\n\n<div class=\"wp-block-uagb-image alignright uagb-block-3ca49918 wp-block-uagb-image--layout-default wp-block-uagb-image--effect-static wp-block-uagb-image--align-right\"><figure class=\"wp-block-uagb-image__figure\"><img decoding=\"async\" srcset=\"https:\/\/cosmoreiki.fr\/wp-content\/uploads\/2023\/03\/Page1-jay-castor-7AcMUSYRZpU-unsplash_s-300x200.jpg \" src=\"https:\/\/cosmoreiki.fr\/wp-content\/uploads\/2023\/03\/Page1-jay-castor-7AcMUSYRZpU-unsplash_s-300x200.jpg\" alt=\"\" class=\"uag-image-869\" width=\"463\" height=\"200\" title=\"\" loading=\"lazy\"\/><\/figure><\/div>\n\n\n\n<p class=\"has-text-align-left has-medium-font-size\">Peut-on traiter une douleur simplement en mettant la main dessus ? C&rsquo;est peut-\u00eatre difficile \u00e0 croire, mais les humains sont capables de bien plus que nous ne le pensons. Il est possible de r\u00e9cup\u00e9rer rapidement d&rsquo;une maladie ou d&rsquo;une blessure en r\u00e9veillant le pouvoir de gu\u00e9rison naturel inh\u00e9rent au corps. <\/p>\n\n\n\n<p class=\"has-medium-font-size\">Le Reiki est une th\u00e9rapie \u00e9nerg\u00e9tique qui vise \u00e0 extraire l&rsquo;\u00e9nergie cosmique que le patient a \u00e0 travers les mains d&rsquo;un praticien qui peut amplifier cette \u00e9nergie cosmique et aider \u00e0 am\u00e9liorer l&rsquo;esprit et le corps. En fait, les personnes qui ont re\u00e7u du Reiki ont l&rsquo;impression que la main pos\u00e9e sur la zone touch\u00e9e est tr\u00e8s chaude et cela semble avoir pour effet de les endormir. J&rsquo;entends aussi dire que la douleur dans la zone touch\u00e9e s&rsquo;est att\u00e9nu\u00e9e \u00e0 une date ult\u00e9rieure.<br><br><\/p>\n\n\n\n<div class=\"wp-block-uagb-image alignleft uagb-block-e7f960d7 wp-block-uagb-image--layout-default wp-block-uagb-image--effect-static wp-block-uagb-image--align-left\"><figure class=\"wp-block-uagb-image__figure\"><img decoding=\"async\" srcset=\"https:\/\/cosmoreiki.fr\/wp-content\/uploads\/2023\/03\/Page1-personne-menant-therapie-reiki-min_s-300x200.jpg \" src=\"https:\/\/cosmoreiki.fr\/wp-content\/uploads\/2023\/03\/Page1-personne-menant-therapie-reiki-min_s-300x200.jpg\" alt=\"\" class=\"uag-image-871\" width=\"457\" height=\"227\" title=\"\" loading=\"lazy\"\/><\/figure><\/div>\n\n\n\n<p class=\"has-medium-font-size\">Soit dit en passant, le Reiki est n\u00e9 au Japon, mais, en fait, de nombreux japonais connaissent le mot Reiki, mais la majorit\u00e9 d&rsquo;entre eux ne savent pas ce que c\u2019est. Au contraire, il semble que de nombreuses personnes n\u00e9es au Japon ont appris une forme de Reiki venant des pays occidentaux. La raison est li\u00e9e \u00e0 la Seconde Guerre mondiale, qui a provoqu\u00e9 la disparition de la plupart des praticiens de Reiki du Japon. En cons\u00e9quence, le Reiki n&rsquo;est pas bien connu au Japon, et le Reiki, qui a ensuite voyag\u00e9 \u00e0 l&rsquo;\u00e9tranger, s\u2019est ensuite popularis\u00e9 dans le monde actuel et aussi au Japon. M\u00eame s&rsquo;il ne s&rsquo;agit que d&rsquo;un rem\u00e8de populaire, le Reiki est devenu populaire dans les pays \u00e9trangers m\u00eame s&rsquo;il a \u00e9t\u00e9 interdit dans le Japon par les \u00e9trangers. Ne pensez-vous pas que c&rsquo;est un ph\u00e9nom\u00e8ne \u00e9trange ?<br><br><\/p>\n\n\n\n<div class=\"wp-block-uagb-image alignright uagb-block-7431f04a wp-block-uagb-image--layout-default wp-block-uagb-image--effect-static wp-block-uagb-image--align-right\"><figure class=\"wp-block-uagb-image__figure\"><img decoding=\"async\" srcset=\"https:\/\/cosmoreiki.fr\/wp-content\/uploads\/2023\/03\/Page1-personne-menant-therapie-reiki-1-min_s-300x200.jpg \" src=\"https:\/\/cosmoreiki.fr\/wp-content\/uploads\/2023\/03\/Page1-personne-menant-therapie-reiki-1-min_s-300x200.jpg\" alt=\"\" class=\"uag-image-870\" width=\"539\" height=\"200\" title=\"\" loading=\"lazy\"\/><\/figure><\/div>\n\n\n\n<p class=\"has-medium-font-size\">Cependant, m\u00eame si le Reiki est originaire du Japon, il s&rsquo;est d\u00e9velopp\u00e9 au fur et \u00e0 mesure qu&rsquo;il absorbe la culture et la fa\u00e7on de penser de chaque lieu, au fur et \u00e0 mesure qu&rsquo;il a voyag\u00e9 \u00e0 travers le monde et \u00e0 travers le temps. Par cons\u00e9quent, les m\u0153urs ont peut-\u00eatre un peu chang\u00e9, mais les bases sont les m\u00eames, c\u2019est-\u00e0-dire mettre les mains sur la zone \u00e0 soigner pour amplifier l&rsquo;\u00e9nergie cosmique (Reiki) et la faire circuler dans le corps du patient.<\/p>\n\n\n\n<p class=\"has-medium-font-size\"><br><br>D&rsquo;une mani\u00e8re g\u00e9n\u00e9rale, il existe trois courant principaux de Reiki&nbsp;:<br>      \u2460&nbsp;&nbsp;&nbsp;&nbsp; Reiki d\u00e9velopp\u00e9 \u00e0 l&rsquo;\u00e9tranger par les occidentaux<br><strong>      \u2461&nbsp;&nbsp;&nbsp;&nbsp; Reiki traditionnel (qui s&rsquo;est poursuivi au Japon, comme le Jikiden reiki)<\/strong><br>      \u2462&nbsp;&nbsp;&nbsp;&nbsp; Combinaison des deux Reiki ci-dessus ou Reiki d\u00e9velopp\u00e9 ind\u00e9pendamment<br><br><strong>Cosmo Reiki est bas\u00e9 sur la tradition japonaise du Jikiden Reiki (\u2461).<\/strong> Fondamentalement, vous vous d\u00e9tendrez sur une chaise ou un lit, poserez votre main sur la zone touch\u00e9e et tenterez de soulager la partie douloureuse de votre corps. Parfois, il peut s&rsquo;agir de massages pour am\u00e9liorer la circulation sanguine, de th\u00e9rapie comportementale ou de t\u00e9l\u00e9m\u00e9decine. J&rsquo;esp\u00e8re que vous allez vous d\u00e9tendre et am\u00e9liorer votre condition physique.<br><br><\/p>\n\n\n\n<div class=\"wp-block-uagb-container uagb-block-748c9835 alignfull uagb-is-root-container\"><div class=\"uagb-container-inner-blocks-wrap\">\n<div class=\"wp-block-uagb-call-to-action uagb-block-3a8cc94a wp-block-button\"><div class=\"uagb-cta__wrap\"><h2 class=\"uagb-cta__title\">Contactez nous<\/h2><p class=\"uagb-cta__desc\">En cours de pr\u00e9paration<\/p><\/div><div class=\"uagb-cta__buttons\"><a href=\"https:\/\/cosmoreiki.fr\/?page_id=100\" class=\"uagb-cta__button-link-wrapper wp-block-button__link\" target=\"_self\" rel=\"noopener noreferrer\">Cliquez ici<\/a><\/div><\/div>\n<\/div><\/div>\n","protected":false},"excerpt":{"rendered":"<p>Peut-on traiter une douleur simplement en mettant la main dessus ? C&rsquo;est peut-\u00eatre difficile \u00e0 croire, mais les humains sont capables de bien plus que nous ne le pensons. Il est possible de r\u00e9cup\u00e9rer rapidement d&rsquo;une maladie ou d&rsquo;une blessure en r\u00e9veillant le pouvoir de gu\u00e9rison naturel inh\u00e9rent au corps. Le Reiki est une th\u00e9rapie &hellip;<\/p>\n<p class=\"read-more\"> <a class=\"\" href=\"https:\/\/cosmoreiki.fr\/?page_id=107\"> <span class=\"screen-reader-text\">A propos du Reiki<\/span> Lire la suite\u00a0\u00bb<\/a><\/p>\n","protected":false},"author":1,"featured_media":0,"parent":0,"menu_order":0,"comment_status":"closed","ping_status":"closed","template":"","meta":{"_uag_custom_page_level_css":"","site-sidebar-layout":"default","site-content-layout":"default","ast-global-header-display":"","ast-main-header-display":"","ast-hfb-above-header-display":"","ast-hfb-below-header-display":"","ast-hfb-mobile-header-display":"","site-post-title":"disabled","ast-breadcrumbs-content":"","ast-featured-img":"","footer-sml-layout":"","theme-transparent-header-meta":"enabled","adv-header-id-meta":"","stick-header-meta":"","header-above-stick-meta":"","header-main-stick-meta":"","header-below-stick-meta":""},"yoast_head":"<!-- This site is optimized with the Yoast SEO plugin v20.3 - https:\/\/yoast.com\/wordpress\/plugins\/seo\/ -->\n<title>A propos du Reiki - cosmoreiki.fr<\/title>\n<meta name=\"robots\" content=\"index, follow, max-snippet:-1, max-image-preview:large, max-video-preview:-1\" \/>\n<link rel=\"canonical\" href=\"https:\/\/cosmoreiki.fr\/?page_id=107\" \/>\n<meta property=\"og:locale\" content=\"fr_FR\" \/>\n<meta property=\"og:type\" content=\"article\" \/>\n<meta property=\"og:title\" content=\"A propos du Reiki - cosmoreiki.fr\" \/>\n<meta property=\"og:description\" content=\"Peut-on traiter une douleur simplement en mettant la main dessus ? C&rsquo;est peut-\u00eatre difficile \u00e0 croire, mais les humains sont capables de bien plus que nous ne le pensons. Il est possible de r\u00e9cup\u00e9rer rapidement d&rsquo;une maladie ou d&rsquo;une blessure en r\u00e9veillant le pouvoir de gu\u00e9rison naturel inh\u00e9rent au corps. Le Reiki est une th\u00e9rapie &hellip; A propos du Reiki Lire la suite\u00a0\u00bb\" \/>\n<meta property=\"og:url\" content=\"https:\/\/cosmoreiki.fr\/?page_id=107\" \/>\n<meta property=\"og:site_name\" content=\"cosmoreiki.fr\" \/>\n<meta property=\"article:modified_time\" content=\"2023-03-07T01:09:28+00:00\" \/>\n<meta property=\"og:image\" content=\"https:\/\/cosmoreiki.fr\/wp-content\/uploads\/2023\/03\/Page1-jay-castor-7AcMUSYRZpU-unsplash_s-300x200.jpg\" \/>\n<meta name=\"twitter:card\" content=\"summary_large_image\" \/>\n<meta name=\"twitter:label1\" content=\"Dur\u00e9e de lecture estim\u00e9e\" \/>\n\t<meta name=\"twitter:data1\" content=\"1 minute\" \/>\n<script type=\"application\/ld+json\" class=\"yoast-schema-graph\">{\"@context\":\"https:\/\/schema.org\",\"@graph\":[{\"@type\":\"WebPage\",\"@id\":\"https:\/\/cosmoreiki.fr\/?page_id=107\",\"url\":\"https:\/\/cosmoreiki.fr\/?page_id=107\",\"name\":\"A propos du Reiki - cosmoreiki.fr\",\"isPartOf\":{\"@id\":\"https:\/\/cosmoreiki.fr\/#website\"},\"datePublished\":\"2022-10-17T07:27:30+00:00\",\"dateModified\":\"2023-03-07T01:09:28+00:00\",\"breadcrumb\":{\"@id\":\"https:\/\/cosmoreiki.fr\/?page_id=107#breadcrumb\"},\"inLanguage\":\"fr-FR\",\"potentialAction\":[{\"@type\":\"ReadAction\",\"target\":[\"https:\/\/cosmoreiki.fr\/?page_id=107\"]}]},{\"@type\":\"BreadcrumbList\",\"@id\":\"https:\/\/cosmoreiki.fr\/?page_id=107#breadcrumb\",\"itemListElement\":[{\"@type\":\"ListItem\",\"position\":1,\"name\":\"Accueil\",\"item\":\"https:\/\/cosmoreiki.fr\/\"},{\"@type\":\"ListItem\",\"position\":2,\"name\":\"A propos du Reiki\"}]},{\"@type\":\"WebSite\",\"@id\":\"https:\/\/cosmoreiki.fr\/#website\",\"url\":\"https:\/\/cosmoreiki.fr\/\",\"name\":\"cosmoreiki.fr\",\"description\":\"\",\"publisher\":{\"@id\":\"https:\/\/cosmoreiki.fr\/#organization\"},\"potentialAction\":[{\"@type\":\"SearchAction\",\"target\":{\"@type\":\"EntryPoint\",\"urlTemplate\":\"https:\/\/cosmoreiki.fr\/?s={search_term_string}\"},\"query-input\":\"required name=search_term_string\"}],\"inLanguage\":\"fr-FR\"},{\"@type\":\"Organization\",\"@id\":\"https:\/\/cosmoreiki.fr\/#organization\",\"name\":\"Cosmo Reiki\",\"url\":\"https:\/\/cosmoreiki.fr\/\",\"logo\":{\"@type\":\"ImageObject\",\"inLanguage\":\"fr-FR\",\"@id\":\"https:\/\/cosmoreiki.fr\/#\/schema\/logo\/image\/\",\"url\":\"https:\/\/cosmoreiki.fr\/wp-content\/uploads\/2023\/03\/logo-cosmo-reiki-pour-blog-contour-blanc-grandi-rogne.png\",\"contentUrl\":\"https:\/\/cosmoreiki.fr\/wp-content\/uploads\/2023\/03\/logo-cosmo-reiki-pour-blog-contour-blanc-grandi-rogne.png\",\"width\":296,\"height\":266,\"caption\":\"Cosmo Reiki\"},\"image\":{\"@id\":\"https:\/\/cosmoreiki.fr\/#\/schema\/logo\/image\/\"}}]}<\/script>\n<!-- \/ Yoast SEO plugin. -->","yoast_head_json":{"title":"A propos du Reiki - cosmoreiki.fr","robots":{"index":"index","follow":"follow","max-snippet":"max-snippet:-1","max-image-preview":"max-image-preview:large","max-video-preview":"max-video-preview:-1"},"canonical":"https:\/\/cosmoreiki.fr\/?page_id=107","og_locale":"fr_FR","og_type":"article","og_title":"A propos du Reiki - cosmoreiki.fr","og_description":"Peut-on traiter une douleur simplement en mettant la main dessus ? C&rsquo;est peut-\u00eatre difficile \u00e0 croire, mais les humains sont capables de bien plus que nous ne le pensons. Il est possible de r\u00e9cup\u00e9rer rapidement d&rsquo;une maladie ou d&rsquo;une blessure en r\u00e9veillant le pouvoir de gu\u00e9rison naturel inh\u00e9rent au corps. Le Reiki est une th\u00e9rapie &hellip; A propos du Reiki Lire la suite\u00a0\u00bb","og_url":"https:\/\/cosmoreiki.fr\/?page_id=107","og_site_name":"cosmoreiki.fr","article_modified_time":"2023-03-07T01:09:28+00:00","og_image":[{"url":"https:\/\/cosmoreiki.fr\/wp-content\/uploads\/2023\/03\/Page1-jay-castor-7AcMUSYRZpU-unsplash_s-300x200.jpg"}],"twitter_card":"summary_large_image","twitter_misc":{"Dur\u00e9e de lecture estim\u00e9e":"1 minute"},"schema":{"@context":"https:\/\/schema.org","@graph":[{"@type":"WebPage","@id":"https:\/\/cosmoreiki.fr\/?page_id=107","url":"https:\/\/cosmoreiki.fr\/?page_id=107","name":"A propos du Reiki - cosmoreiki.fr","isPartOf":{"@id":"https:\/\/cosmoreiki.fr\/#website"},"datePublished":"2022-10-17T07:27:30+00:00","dateModified":"2023-03-07T01:09:28+00:00","breadcrumb":{"@id":"https:\/\/cosmoreiki.fr\/?page_id=107#breadcrumb"},"inLanguage":"fr-FR","potentialAction":[{"@type":"ReadAction","target":["https:\/\/cosmoreiki.fr\/?page_id=107"]}]},{"@type":"BreadcrumbList","@id":"https:\/\/cosmoreiki.fr\/?page_id=107#breadcrumb","itemListElement":[{"@type":"ListItem","position":1,"name":"Accueil","item":"https:\/\/cosmoreiki.fr\/"},{"@type":"ListItem","position":2,"name":"A propos du Reiki"}]},{"@type":"WebSite","@id":"https:\/\/cosmoreiki.fr\/#website","url":"https:\/\/cosmoreiki.fr\/","name":"cosmoreiki.fr","description":"","publisher":{"@id":"https:\/\/cosmoreiki.fr\/#organization"},"potentialAction":[{"@type":"SearchAction","target":{"@type":"EntryPoint","urlTemplate":"https:\/\/cosmoreiki.fr\/?s={search_term_string}"},"query-input":"required name=search_term_string"}],"inLanguage":"fr-FR"},{"@type":"Organization","@id":"https:\/\/cosmoreiki.fr\/#organization","name":"Cosmo Reiki","url":"https:\/\/cosmoreiki.fr\/","logo":{"@type":"ImageObject","inLanguage":"fr-FR","@id":"https:\/\/cosmoreiki.fr\/#\/schema\/logo\/image\/","url":"https:\/\/cosmoreiki.fr\/wp-content\/uploads\/2023\/03\/logo-cosmo-reiki-pour-blog-contour-blanc-grandi-rogne.png","contentUrl":"https:\/\/cosmoreiki.fr\/wp-content\/uploads\/2023\/03\/logo-cosmo-reiki-pour-blog-contour-blanc-grandi-rogne.png","width":296,"height":266,"caption":"Cosmo Reiki"},"image":{"@id":"https:\/\/cosmoreiki.fr\/#\/schema\/logo\/image\/"}}]}},"uagb_featured_image_src":{"full":false,"thumbnail":false,"medium":false,"medium_large":false,"large":false,"1536x1536":false,"2048x2048":false},"uagb_author_info":{"display_name":"Sirius","author_link":"https:\/\/cosmoreiki.fr\/?author=1"},"uagb_comment_info":0,"uagb_excerpt":"Peut-on traiter une douleur simplement en mettant la main dessus ? C&rsquo;est peut-\u00eatre difficile \u00e0 croire, mais les humains sont capables de bien plus que nous ne le pensons. Il est possible de r\u00e9cup\u00e9rer rapidement d&rsquo;une maladie ou d&rsquo;une blessure en r\u00e9veillant le pouvoir de gu\u00e9rison naturel inh\u00e9rent au corps. Le Reiki est une th\u00e9rapie\u2026","_links":{"self":[{"href":"https:\/\/cosmoreiki.fr\/index.php?rest_route=\/wp\/v2\/pages\/107"}],"collection":[{"href":"https:\/\/cosmoreiki.fr\/index.php?rest_route=\/wp\/v2\/pages"}],"about":[{"href":"https:\/\/cosmoreiki.fr\/index.php?rest_route=\/wp\/v2\/types\/page"}],"author":[{"embeddable":true,"href":"https:\/\/cosmoreiki.fr\/index.php?rest_route=\/wp\/v2\/users\/1"}],"replies":[{"embeddable":true,"href":"https:\/\/cosmoreiki.fr\/index.php?rest_route=%2Fwp%2Fv2%2Fcomments&post=107"}],"version-history":[{"count":40,"href":"https:\/\/cosmoreiki.fr\/index.php?rest_route=\/wp\/v2\/pages\/107\/revisions"}],"predecessor-version":[{"id":1119,"href":"https:\/\/cosmoreiki.fr\/index.php?rest_route=\/wp\/v2\/pages\/107\/revisions\/1119"}],"wp:attachment":[{"href":"https:\/\/cosmoreiki.fr\/index.php?rest_route=%2Fwp%2Fv2%2Fmedia&parent=107"}],"curies":[{"name":"wp","href":"https:\/\/api.w.org\/{rel}","templated":true}]}}