{"id":100,"date":"2022-10-17T07:22:23","date_gmt":"2022-10-17T07:22:23","guid":{"rendered":"https:\/\/cosmoreiki.fr\/?page_id=100"},"modified":"2023-03-07T01:01:33","modified_gmt":"2023-03-07T01:01:33","slug":"contact","status":"publish","type":"page","link":"https:\/\/cosmoreiki.fr\/?page_id=100","title":{"rendered":"Contact"},"content":{"rendered":"\n<div class=\"wp-block-uagb-container uagb-block-30f5c3b3 alignfull uagb-is-root-container\"><div class=\"uagb-container-inner-blocks-wrap\">\n<div class=\"wp-block-uagb-advanced-heading uagb-block-c8df15be\"><h1 class=\"uagb-heading-text\"><br>Contactez nous<\/h1><\/div>\n<\/div><\/div>\n\n\n\n<div class=\"wp-block-uagb-container uagb-block-546dad92 alignfull uagb-is-root-container\"><div class=\"uagb-container-inner-blocks-wrap\">\n<div class=\"wp-block-uagb-container uagb-block-204bcdbf\">\n<div class=\"wp-block-uagb-advanced-heading uagb-block-21939749\"><h2 class=\"uagb-heading-text\">En cours de construction<\/h2><\/div>\n\n\n\n<div class=\"wp-block-uagb-container uagb-block-305d1e96\"><div class=\"wpforms-container \" id=\"wpforms-5\"><form id=\"wpforms-form-5\" class=\"wpforms-validate wpforms-form wpforms-ajax-form\" data-formid=\"5\" method=\"post\" enctype=\"multipart\/form-data\" action=\"\/index.php?rest_route=%2Fwp%2Fv2%2Fpages%2F100\" data-token=\"1c76020757720b01ac9bf44a5f4717d9\"><noscript class=\"wpforms-error-noscript\">Veuillez activer JavaScript dans votre navigateur pour remplir ce formulaire.<\/noscript><div class=\"wpforms-field-container\"><div id=\"wpforms-5-field_0-container\" class=\"wpforms-field wpforms-field-name\" data-field-id=\"0\"><label class=\"wpforms-field-label wpforms-label-hide\" for=\"wpforms-5-field_0\">Votre nom <span class=\"wpforms-required-label\">*<\/span><\/label><input type=\"text\" id=\"wpforms-5-field_0\" class=\"wpforms-field-large wpforms-field-required\" name=\"wpforms[fields][0]\" placeholder=\"Votre nom\" required><\/div><div id=\"wpforms-5-field_1-container\" class=\"wpforms-field wpforms-field-email\" data-field-id=\"1\"><label class=\"wpforms-field-label wpforms-label-hide\" for=\"wpforms-5-field_1\">Votre num\u00e9ro de t\u00e9l\u00e9phone <span class=\"wpforms-required-label\">*<\/span><\/label><input type=\"email\" id=\"wpforms-5-field_1\" class=\"wpforms-field-large wpforms-field-required\" name=\"wpforms[fields][1]\" placeholder=\"Votre num\u00e9ro de t\u00e9l\u00e9phone\" required><\/div><div id=\"wpforms-5-field_3-container\" class=\"wpforms-field wpforms-field-email\" data-field-id=\"3\"><label class=\"wpforms-field-label wpforms-label-hide\" for=\"wpforms-5-field_3\">Votre email <span class=\"wpforms-required-label\">*<\/span><\/label><input type=\"email\" id=\"wpforms-5-field_3\" class=\"wpforms-field-large wpforms-field-required\" name=\"wpforms[fields][3]\" placeholder=\"Votre email\" required><\/div><div id=\"wpforms-5-field_2-container\" class=\"wpforms-field wpforms-field-textarea\" data-field-id=\"2\"><label class=\"wpforms-field-label wpforms-label-hide\" for=\"wpforms-5-field_2\">Votre message<\/label><textarea id=\"wpforms-5-field_2\" class=\"wpforms-field-medium\" name=\"wpforms[fields][2]\" placeholder=\"Votre message\" ><\/textarea><\/div><\/div><div class=\"wpforms-submit-container\"><input type=\"hidden\" name=\"wpforms[id]\" value=\"5\"><input type=\"hidden\" name=\"wpforms[author]\" value=\"1\"><button type=\"submit\" name=\"wpforms[submit]\" id=\"wpforms-submit-5\" class=\"wpforms-submit\" data-alt-text=\"Ceci une form en pr\u00e9pration : votre message ne sera pas envoy\u00e9.\" data-submit-text=\"ENVOYER (NON ACTIF POUR LE MOMENT)\" aria-live=\"assertive\" value=\"wpforms-submit\">ENVOYER (NON ACTIF POUR LE MOMENT)<\/button><img src=\"https:\/\/cosmoreiki.fr\/wp-content\/plugins\/wpforms-lite\/assets\/images\/submit-spin.svg\" class=\"wpforms-submit-spinner\" style=\"display: none;\" width=\"26\" height=\"26\" alt=\"Chargement en cours\"><\/div><\/form><\/div>  <!-- .wpforms-container --><\/div>\n<\/div>\n\n\n\n<div class=\"wp-block-uagb-container uagb-block-d1d6289d\">\n<div class=\"wp-block-uagb-advanced-heading uagb-block-59c0d83e\"><\/div>\n\n\n\n<div class=\"wp-block-uagb-info-box uagb-block-a9157865 uagb-infobox__content-wrap  uagb-infobox-icon-left-title uagb-infobox-left uagb-infobox-image-valign-top\"><div class=\"uagb-ifb-content\"><div class=\"uagb-ifb-left-title-image\"><div class=\"uagb-ifb-image-content\"><img decoding=\"async\" src=\"http:\/\/cosmoreiki.fr\/wp-content\/uploads\/2022\/10\/svgexport-11.svg\" alt=\"\" width=\"42\" height=\"42\" loading=\"lazy\"\/><\/div><div class=\"uagb-ifb-title-wrap\"><h6 class=\"uagb-ifb-title\">EMAIL<\/h6><\/div><\/div><p class=\"uagb-ifb-desc\">0<\/p><\/div><\/div>\n\n\n\n<div class=\"wp-block-uagb-info-box uagb-block-9f12bc89 uagb-infobox__content-wrap  uagb-infobox-icon-left-title uagb-infobox-left uagb-infobox-image-valign-top\"><div class=\"uagb-ifb-content\"><div class=\"uagb-ifb-left-title-image\"><div class=\"uagb-ifb-image-content\"><img decoding=\"async\" src=\"http:\/\/cosmoreiki.fr\/wp-content\/uploads\/2022\/10\/svgexport-12.svg\" alt=\"\" width=\"42\" height=\"42\" loading=\"lazy\"\/><\/div><div class=\"uagb-ifb-title-wrap\"><h6 class=\"uagb-ifb-title\">TELEPHONE<\/h6><\/div><\/div><p class=\"uagb-ifb-desc\">0<\/p><\/div><\/div>\n\n\n\n<div class=\"wp-block-uagb-info-box uagb-block-043e3e99 uagb-infobox__content-wrap  uagb-infobox-icon-left-title uagb-infobox-left uagb-infobox-image-valign-top\"><div class=\"uagb-ifb-content\"><div class=\"uagb-ifb-left-title-image\"><div class=\"uagb-ifb-image-content\"><img decoding=\"async\" src=\"http:\/\/cosmoreiki.fr\/wp-content\/uploads\/2022\/10\/svgexport-13.svg\" alt=\"\" width=\"42\" height=\"42\" loading=\"lazy\"\/><\/div><div class=\"uagb-ifb-title-wrap\"><h6 class=\"uagb-ifb-title\">ADRESSE<\/h6><\/div><\/div><p class=\"uagb-ifb-desc\">PARIS<\/p><\/div><\/div>\n\n\n\n<div class=\"wp-block-uagb-container uagb-block-77725c16\">\n<div class=\"wp-block-uagb-advanced-heading uagb-block-314316c9\"><h5 class=\"uagb-heading-text\">Follow Us:<\/h5><\/div>\n\n\n\n<div class=\"wp-block-uagb-container uagb-block-11424e2d\">\n<div class=\"wp-block-uagb-social-share uagb-social-share__outer-wrap uagb-social-share__layout-horizontal uagb-block-50116f5b\">\n<div class=\"wp-block-uagb-social-share-child uagb-ss-repeater uagb-ss__wrapper uagb-block-bd7c6883\"><a class=\"uagb-ss__link\" data-href=\"https:\/\/www.facebook.com\/sharer.php?u=\" rel=\"noopener noreferrer\"><span class=\"uagb-ss__source-wrap\"><img decoding=\"async\" class=\"uagb-ss__source-image\" src=\"http:\/\/cosmoreiki.fr\/wp-content\/uploads\/2022\/10\/Group-18020.svg\" alt=\"\" width=\"40\" height=\"40\" loading=\"lazy\"\/><\/span><\/a><\/div>\n\n\n\n<div class=\"wp-block-uagb-social-share-child uagb-ss-repeater uagb-ss__wrapper uagb-block-9c446b11\"><a class=\"uagb-ss__link\" data-href=\"https:\/\/twitter.com\/share?url=\" rel=\"noopener noreferrer\"><span class=\"uagb-ss__source-wrap\"><img decoding=\"async\" class=\"uagb-ss__source-image\" src=\"http:\/\/cosmoreiki.fr\/wp-content\/uploads\/2022\/10\/Group-18021.svg\" alt=\"\" width=\"40\" height=\"40\" loading=\"lazy\"\/><\/span><\/a><\/div>\n\n\n\n<div class=\"wp-block-uagb-social-share-child uagb-ss-repeater uagb-ss__wrapper uagb-block-c8b16336\"><a class=\"uagb-ss__link\" data-href=\"https:\/\/pinterest.com\/pin\/create\/link\/?url=\" rel=\"noopener noreferrer\"><span class=\"uagb-ss__source-wrap\"><img decoding=\"async\" class=\"uagb-ss__source-image\" src=\"http:\/\/cosmoreiki.fr\/wp-content\/uploads\/2022\/10\/Group-18022.svg\" alt=\"\" width=\"40\" height=\"40\" loading=\"lazy\"\/><\/span><\/a><\/div>\n\n\n\n<div class=\"wp-block-uagb-social-share-child uagb-ss-repeater uagb-ss__wrapper uagb-block-ddf086f6\"><a class=\"uagb-ss__link\" data-href=\"https:\/\/www.linkedin.com\/shareArticle?url=\" rel=\"noopener noreferrer\"><span class=\"uagb-ss__source-wrap\"><img decoding=\"async\" class=\"uagb-ss__source-image\" src=\"http:\/\/cosmoreiki.fr\/wp-content\/uploads\/2022\/10\/Group-18023.svg\" alt=\"\" width=\"40\" height=\"40\" loading=\"lazy\"\/><\/span><\/a><\/div>\n<\/div>\n<\/div>\n<\/div>\n<\/div>\n<\/div><\/div>\n\n\n\n<div class=\"wp-block-uagb-container uagb-block-748c9835 alignfull uagb-is-root-container\"><div class=\"uagb-container-inner-blocks-wrap\">\n<div class=\"wp-block-uagb-call-to-action uagb-block-3a8cc94a wp-block-button\"><div class=\"uagb-cta__wrap\"><h2 class=\"uagb-cta__title\">Contactez nous<\/h2><p class=\"uagb-cta__desc\">En cours de pr\u00e9paration<\/p><\/div><div class=\"uagb-cta__buttons\"><a href=\"https:\/\/cosmoreiki.fr\/?page_id=100\" class=\"uagb-cta__button-link-wrapper wp-block-button__link\" target=\"_self\" rel=\"noopener noreferrer\">Cliquez ici<\/a><\/div><\/div>\n<\/div><\/div>\n","protected":false},"excerpt":{"rendered":"","protected":false},"author":1,"featured_media":0,"parent":0,"menu_order":0,"comment_status":"closed","ping_status":"closed","template":"","meta":{"_uag_custom_page_level_css":"","site-sidebar-layout":"default","site-content-layout":"default","ast-global-header-display":"","ast-main-header-display":"","ast-hfb-above-header-display":"","ast-hfb-below-header-display":"","ast-hfb-mobile-header-display":"","site-post-title":"disabled","ast-breadcrumbs-content":"","ast-featured-img":"","footer-sml-layout":"","theme-transparent-header-meta":"enabled","adv-header-id-meta":"","stick-header-meta":"","header-above-stick-meta":"","header-main-stick-meta":"","header-below-stick-meta":""},"yoast_head":"<!-- This site is optimized with the Yoast SEO plugin v20.3 - https:\/\/yoast.com\/wordpress\/plugins\/seo\/ -->\n<title>Contact - cosmoreiki.fr<\/title>\n<meta name=\"robots\" content=\"index, follow, max-snippet:-1, max-image-preview:large, max-video-preview:-1\" \/>\n<link rel=\"canonical\" href=\"https:\/\/cosmoreiki.fr\/?page_id=100\" \/>\n<meta property=\"og:locale\" content=\"fr_FR\" \/>\n<meta property=\"og:type\" content=\"article\" \/>\n<meta property=\"og:title\" content=\"Contact - cosmoreiki.fr\" \/>\n<meta property=\"og:url\" content=\"https:\/\/cosmoreiki.fr\/?page_id=100\" \/>\n<meta property=\"og:site_name\" content=\"cosmoreiki.fr\" \/>\n<meta property=\"article:modified_time\" content=\"2023-03-07T01:01:33+00:00\" \/>\n<meta property=\"og:image\" content=\"http:\/\/cosmoreiki.fr\/wp-content\/uploads\/2022\/10\/svgexport-11.svg\" \/>\n<meta name=\"twitter:card\" content=\"summary_large_image\" \/>\n<meta name=\"twitter:label1\" content=\"Dur\u00e9e de lecture estim\u00e9e\" \/>\n\t<meta name=\"twitter:data1\" content=\"2 minutes\" \/>\n<script type=\"application\/ld+json\" class=\"yoast-schema-graph\">{\"@context\":\"https:\/\/schema.org\",\"@graph\":[{\"@type\":\"WebPage\",\"@id\":\"https:\/\/cosmoreiki.fr\/?page_id=100\",\"url\":\"https:\/\/cosmoreiki.fr\/?page_id=100\",\"name\":\"Contact - cosmoreiki.fr\",\"isPartOf\":{\"@id\":\"https:\/\/cosmoreiki.fr\/#website\"},\"datePublished\":\"2022-10-17T07:22:23+00:00\",\"dateModified\":\"2023-03-07T01:01:33+00:00\",\"breadcrumb\":{\"@id\":\"https:\/\/cosmoreiki.fr\/?page_id=100#breadcrumb\"},\"inLanguage\":\"fr-FR\",\"potentialAction\":[{\"@type\":\"ReadAction\",\"target\":[\"https:\/\/cosmoreiki.fr\/?page_id=100\"]}]},{\"@type\":\"BreadcrumbList\",\"@id\":\"https:\/\/cosmoreiki.fr\/?page_id=100#breadcrumb\",\"itemListElement\":[{\"@type\":\"ListItem\",\"position\":1,\"name\":\"Accueil\",\"item\":\"https:\/\/cosmoreiki.fr\/\"},{\"@type\":\"ListItem\",\"position\":2,\"name\":\"Contact\"}]},{\"@type\":\"WebSite\",\"@id\":\"https:\/\/cosmoreiki.fr\/#website\",\"url\":\"https:\/\/cosmoreiki.fr\/\",\"name\":\"cosmoreiki.fr\",\"description\":\"\",\"publisher\":{\"@id\":\"https:\/\/cosmoreiki.fr\/#organization\"},\"potentialAction\":[{\"@type\":\"SearchAction\",\"target\":{\"@type\":\"EntryPoint\",\"urlTemplate\":\"https:\/\/cosmoreiki.fr\/?s={search_term_string}\"},\"query-input\":\"required name=search_term_string\"}],\"inLanguage\":\"fr-FR\"},{\"@type\":\"Organization\",\"@id\":\"https:\/\/cosmoreiki.fr\/#organization\",\"name\":\"Cosmo Reiki\",\"url\":\"https:\/\/cosmoreiki.fr\/\",\"logo\":{\"@type\":\"ImageObject\",\"inLanguage\":\"fr-FR\",\"@id\":\"https:\/\/cosmoreiki.fr\/#\/schema\/logo\/image\/\",\"url\":\"https:\/\/cosmoreiki.fr\/wp-content\/uploads\/2023\/03\/logo-cosmo-reiki-pour-blog-contour-blanc-grandi-rogne.png\",\"contentUrl\":\"https:\/\/cosmoreiki.fr\/wp-content\/uploads\/2023\/03\/logo-cosmo-reiki-pour-blog-contour-blanc-grandi-rogne.png\",\"width\":296,\"height\":266,\"caption\":\"Cosmo Reiki\"},\"image\":{\"@id\":\"https:\/\/cosmoreiki.fr\/#\/schema\/logo\/image\/\"}}]}<\/script>\n<!-- \/ Yoast SEO plugin. -->","yoast_head_json":{"title":"Contact - cosmoreiki.fr","robots":{"index":"index","follow":"follow","max-snippet":"max-snippet:-1","max-image-preview":"max-image-preview:large","max-video-preview":"max-video-preview:-1"},"canonical":"https:\/\/cosmoreiki.fr\/?page_id=100","og_locale":"fr_FR","og_type":"article","og_title":"Contact - cosmoreiki.fr","og_url":"https:\/\/cosmoreiki.fr\/?page_id=100","og_site_name":"cosmoreiki.fr","article_modified_time":"2023-03-07T01:01:33+00:00","og_image":[{"url":"http:\/\/cosmoreiki.fr\/wp-content\/uploads\/2022\/10\/svgexport-11.svg"}],"twitter_card":"summary_large_image","twitter_misc":{"Dur\u00e9e de lecture estim\u00e9e":"2 minutes"},"schema":{"@context":"https:\/\/schema.org","@graph":[{"@type":"WebPage","@id":"https:\/\/cosmoreiki.fr\/?page_id=100","url":"https:\/\/cosmoreiki.fr\/?page_id=100","name":"Contact - cosmoreiki.fr","isPartOf":{"@id":"https:\/\/cosmoreiki.fr\/#website"},"datePublished":"2022-10-17T07:22:23+00:00","dateModified":"2023-03-07T01:01:33+00:00","breadcrumb":{"@id":"https:\/\/cosmoreiki.fr\/?page_id=100#breadcrumb"},"inLanguage":"fr-FR","potentialAction":[{"@type":"ReadAction","target":["https:\/\/cosmoreiki.fr\/?page_id=100"]}]},{"@type":"BreadcrumbList","@id":"https:\/\/cosmoreiki.fr\/?page_id=100#breadcrumb","itemListElement":[{"@type":"ListItem","position":1,"name":"Accueil","item":"https:\/\/cosmoreiki.fr\/"},{"@type":"ListItem","position":2,"name":"Contact"}]},{"@type":"WebSite","@id":"https:\/\/cosmoreiki.fr\/#website","url":"https:\/\/cosmoreiki.fr\/","name":"cosmoreiki.fr","description":"","publisher":{"@id":"https:\/\/cosmoreiki.fr\/#organization"},"potentialAction":[{"@type":"SearchAction","target":{"@type":"EntryPoint","urlTemplate":"https:\/\/cosmoreiki.fr\/?s={search_term_string}"},"query-input":"required name=search_term_string"}],"inLanguage":"fr-FR"},{"@type":"Organization","@id":"https:\/\/cosmoreiki.fr\/#organization","name":"Cosmo Reiki","url":"https:\/\/cosmoreiki.fr\/","logo":{"@type":"ImageObject","inLanguage":"fr-FR","@id":"https:\/\/cosmoreiki.fr\/#\/schema\/logo\/image\/","url":"https:\/\/cosmoreiki.fr\/wp-content\/uploads\/2023\/03\/logo-cosmo-reiki-pour-blog-contour-blanc-grandi-rogne.png","contentUrl":"https:\/\/cosmoreiki.fr\/wp-content\/uploads\/2023\/03\/logo-cosmo-reiki-pour-blog-contour-blanc-grandi-rogne.png","width":296,"height":266,"caption":"Cosmo Reiki"},"image":{"@id":"https:\/\/cosmoreiki.fr\/#\/schema\/logo\/image\/"}}]}},"uagb_featured_image_src":{"full":false,"thumbnail":false,"medium":false,"medium_large":false,"large":false,"1536x1536":false,"2048x2048":false},"uagb_author_info":{"display_name":"Sirius","author_link":"https:\/\/cosmoreiki.fr\/?author=1"},"uagb_comment_info":0,"uagb_excerpt":null,"_links":{"self":[{"href":"https:\/\/cosmoreiki.fr\/index.php?rest_route=\/wp\/v2\/pages\/100"}],"collection":[{"href":"https:\/\/cosmoreiki.fr\/index.php?rest_route=\/wp\/v2\/pages"}],"about":[{"href":"https:\/\/cosmoreiki.fr\/index.php?rest_route=\/wp\/v2\/types\/page"}],"author":[{"embeddable":true,"href":"https:\/\/cosmoreiki.fr\/index.php?rest_route=\/wp\/v2\/users\/1"}],"replies":[{"embeddable":true,"href":"https:\/\/cosmoreiki.fr\/index.php?rest_route=%2Fwp%2Fv2%2Fcomments&post=100"}],"version-history":[{"count":7,"href":"https:\/\/cosmoreiki.fr\/index.php?rest_route=\/wp\/v2\/pages\/100\/revisions"}],"predecessor-version":[{"id":1116,"href":"https:\/\/cosmoreiki.fr\/index.php?rest_route=\/wp\/v2\/pages\/100\/revisions\/1116"}],"wp:attachment":[{"href":"https:\/\/cosmoreiki.fr\/index.php?rest_route=%2Fwp%2Fv2%2Fmedia&parent=100"}],"curies":[{"name":"wp","href":"https:\/\/api.w.org\/{rel}","templated":true}]}}